{"id":222,"date":"2025-11-03T17:56:23","date_gmt":"2025-11-03T17:56:23","guid":{"rendered":"https:\/\/polaganje-kamna-keramike.si\/?page_id=222"},"modified":"2025-11-24T22:31:30","modified_gmt":"2025-11-24T22:31:30","slug":"o-nas","status":"publish","type":"page","link":"https:\/\/polaganje-kamna-keramike.si\/de\/o-nas\/","title":{"rendered":"\u00dcBER UNS"},"content":{"rendered":"<div data-elementor-type=\"wp-page\" data-elementor-id=\"222\" class=\"elementor elementor-222\">\n\t\t\t\t<div class=\"elementor-element elementor-element-1128feda e-flex e-con-boxed e-con e-parent\" data-id=\"1128feda\" data-element_type=\"container\" data-e-type=\"container\">\n\t\t\t\t\t<div class=\"e-con-inner\">\n\t\t\t\t<div class=\"elementor-element elementor-element-7ec77cbc elementor-widget elementor-widget-text-editor\" data-id=\"7ec77cbc\" data-element_type=\"widget\" data-e-type=\"widget\" data-widget_type=\"text-editor.default\">\n\t\t\t\t\t\t\t\t\t\n<p>Wir sind das Familienunternehmen <strong>GRANITOMONT<\/strong>, ustanovljeno leta 2006, s sede\u017eem v <strong>Gradacu v Beli krajini<\/strong>Wir sind das Familienunternehmen GRANITOMONT, gegr\u00fcndet im Jahr 2006, mit Sitz in Gradac in Bela Krajina. Seit fast 20 Jahren gestalten wir eigenst\u00e4ndig funktionale und \u00e4sthetisch ansprechende H\u00e4user sowie gepflegte Au\u00dfenbereiche in ganz Slowenien und \u00d6sterreich.<\/p>\n\n<p><strong>Unser Angebot:<\/strong><\/p>\n\n<ul class=\"wp-block-list\">\n<li><strong>Renovierungen und Adaptierungen von Innen- und Au\u00dfenbereichen<\/strong> notranjih in zunanjih prostorov<\/li>\n<\/ul>\n\n<ul class=\"wp-block-list\">\n<li><strong>Verlegung von Fliesen, Naturstein, Laminat und Vinyl<\/strong><\/li>\n<\/ul>\n\n<ul class=\"wp-block-list\">\n<li><strong>Gestaltung der Au\u00dfenanlagen, Pflasterarbeiten, Verlegung von Pflastersteinen und Treppen<\/strong><\/li>\n<\/ul>\n\n<ul class=\"wp-block-list\">\n<li><strong>Ausgleichen der W\u00e4nde, Streichen und dekorative Wandverkleidung mit Stein<\/strong><\/li>\n<\/ul>\n\n<ul class=\"wp-block-list\">\n<li><strong>Erdarbeiten mit Bagger und Mulchen<\/strong><\/li>\n<\/ul>\n\n<ul class=\"wp-block-list\">\n<li><strong>Herstellung von Estrich<\/strong><\/li>\n<\/ul>\n\n<blockquote class=\"wp-block-quote is-layout-flow wp-block-quote-is-layout-flow\">\n<p>Bei jedem Projekt verbinden wir <strong>Fachkompetenz, Pr\u00e4zision und pers\u00f6nlichen Ansatz,<\/strong>damit Ihr Raum in bestem Glanz erstrahlt. Vertrauen Sie uns, dass wir Ihr Zuhause oder Ihren Au\u00dfenbereich in einen <strong>komfortablen, funktionalen und \u00e4sthetisch perfekten Raum<\/strong> verwandeln \u2013 schnell, zuverl\u00e4ssig und nach Ihren W\u00fcnschen.<\/p>\n<\/blockquote>\n\n<div class=\"wp-block-buttons is-layout-flex wp-block-buttons-is-layout-flex\">\n<div class=\"wp-block-button is-style-outline is-style-outline--2\"><a class=\"wp-block-button__link wp-element-button\" href=\"https:\/\/polaganje-kamna-keramike.si\/de\/kontakt\/\">KONTAKTIEREN SIE UNS<\/a><\/div>\n<\/div>\n\n<p>\u00a0<\/p>\n\t\t\t\t\t\t\t\t<\/div>\n\t\t\t\t\t<\/div>\n\t\t\t\t<\/div>\n\t\t<div class=\"elementor-element elementor-element-96d831f e-con-full e-flex e-con e-parent\" data-id=\"96d831f\" data-element_type=\"container\" data-e-type=\"container\">\n\t\t\t\t<div class=\"elementor-element elementor-element-d1ddda3 elementor-widget elementor-widget-google_maps\" data-id=\"d1ddda3\" data-element_type=\"widget\" data-e-type=\"widget\" data-widget_type=\"google_maps.default\">\n\t\t\t\t\t\t\t<div class=\"elementor-custom-embed\">\n\t\t\t<iframe loading=\"lazy\"\n\t\t\t\t\tsrc=\"https:\/\/maps.google.com\/maps?q=gradac%2084&#038;t=m&#038;z=10&#038;output=embed&#038;iwloc=near\"\n\t\t\t\t\ttitle=\"gradac 84\"\n\t\t\t\t\taria-label=\"gradac 84\"\n\t\t\t><\/iframe>\n\t\t<\/div>\n\t\t\t\t\t\t<\/div>\n\t\t\t\t<\/div>\n\t\t\t\t<\/div>","protected":false},"excerpt":{"rendered":"<p>Smo dru\u017einsko podjetje GRANITOMONT, ustanovljeno leta 2006, s sede\u017eem v Gradacu v Beli krajini. \u017de skoraj 20 let samostojno ustvarjamo [&hellip;]<\/p>\n","protected":false},"author":1,"featured_media":144,"parent":0,"menu_order":0,"comment_status":"closed","ping_status":"closed","template":"","meta":{"site-sidebar-layout":"default","site-content-layout":"","ast-site-content-layout":"normal-width-container","site-content-style":"default","site-sidebar-style":"default","ast-global-header-display":"","ast-banner-title-visibility":"","ast-main-header-display":"","ast-hfb-above-header-display":"","ast-hfb-below-header-display":"","ast-hfb-mobile-header-display":"","site-post-title":"","ast-breadcrumbs-content":"","ast-featured-img":"","footer-sml-layout":"","ast-disable-related-posts":"","theme-transparent-header-meta":"disabled","adv-header-id-meta":"","stick-header-meta":"","header-above-stick-meta":"","header-main-stick-meta":"","header-below-stick-meta":"","astra-migrate-meta-layouts":"default","ast-page-background-enabled":"default","ast-page-background-meta":{"desktop":{"background-color":"var(--ast-global-color-5)","background-image":"","background-repeat":"repeat","background-position":"center center","background-size":"auto","background-attachment":"scroll","background-type":"","background-media":"","overlay-type":"","overlay-color":"","overlay-opacity":"","overlay-gradient":""},"tablet":{"background-color":"","background-image":"","background-repeat":"repeat","background-position":"center center","background-size":"auto","background-attachment":"scroll","background-type":"","background-media":"","overlay-type":"","overlay-color":"","overlay-opacity":"","overlay-gradient":""},"mobile":{"background-color":"","background-image":"","background-repeat":"repeat","background-position":"center center","background-size":"auto","background-attachment":"scroll","background-type":"","background-media":"","overlay-type":"","overlay-color":"","overlay-opacity":"","overlay-gradient":""}},"ast-content-background-meta":{"desktop":{"background-color":"var(--ast-global-color-4)","background-image":"","background-repeat":"repeat","background-position":"center center","background-size":"auto","background-attachment":"scroll","background-type":"","background-media":"","overlay-type":"","overlay-color":"","overlay-opacity":"","overlay-gradient":""},"tablet":{"background-color":"var(--ast-global-color-4)","background-image":"","background-repeat":"repeat","background-position":"center center","background-size":"auto","background-attachment":"scroll","background-type":"","background-media":"","overlay-type":"","overlay-color":"","overlay-opacity":"","overlay-gradient":""},"mobile":{"background-color":"var(--ast-global-color-4)","background-image":"","background-repeat":"repeat","background-position":"center center","background-size":"auto","background-attachment":"scroll","background-type":"","background-media":"","overlay-type":"","overlay-color":"","overlay-opacity":"","overlay-gradient":""}},"footnotes":""},"class_list":["post-222","page","type-page","status-publish","has-post-thumbnail","hentry"],"featured_image_src":"https:\/\/polaganje-kamna-keramike.si\/wp-content\/uploads\/2025\/11\/20180922_102822-scaled.jpg","yoast_head":"<!-- This site is optimized with the Yoast SEO plugin v27.4 - https:\/\/yoast.com\/product\/yoast-seo-wordpress\/ -->\n<title>O NAS - ZAKLJU\u010cNA GRADBENA DELA<\/title>\n<meta name=\"robots\" content=\"index, follow, max-snippet:-1, max-image-preview:large, max-video-preview:-1\" \/>\n<link rel=\"canonical\" href=\"https:\/\/polaganje-kamna-keramike.si\/de\/o-nas\/\" \/>\n<meta property=\"og:locale\" content=\"de_DE\" \/>\n<meta property=\"og:type\" content=\"article\" \/>\n<meta property=\"og:title\" content=\"O NAS - ZAKLJU\u010cNA GRADBENA DELA\" \/>\n<meta property=\"og:description\" content=\"Smo dru\u017einsko podjetje GRANITOMONT, ustanovljeno leta 2006, s sede\u017eem v Gradacu v Beli krajini. \u017de skoraj 20 let samostojno ustvarjamo [&hellip;]\" \/>\n<meta property=\"og:url\" content=\"https:\/\/polaganje-kamna-keramike.si\/de\/o-nas\/\" \/>\n<meta property=\"og:site_name\" content=\"ZAKLJU\u010cNA GRADBENA DELA\" \/>\n<meta property=\"article:publisher\" content=\"https:\/\/www.facebook.com\/granitomont\" \/>\n<meta property=\"article:modified_time\" content=\"2025-11-24T22:31:30+00:00\" \/>\n<meta property=\"og:image\" content=\"https:\/\/polaganje-kamna-keramike.si\/wp-content\/uploads\/2025\/11\/20180922_102822-scaled.jpg\" \/>\n\t<meta property=\"og:image:width\" content=\"2560\" \/>\n\t<meta property=\"og:image:height\" content=\"1920\" \/>\n\t<meta property=\"og:image:type\" content=\"image\/jpeg\" \/>\n<meta name=\"twitter:card\" content=\"summary_large_image\" \/>\n<meta name=\"twitter:label1\" content=\"Gesch\u00e4tzte Lesezeit\" \/>\n\t<meta name=\"twitter:data1\" content=\"1\u00a0Minute\" \/>\n<script type=\"application\/ld+json\" class=\"yoast-schema-graph\">{\"@context\":\"https:\\\/\\\/schema.org\",\"@graph\":[{\"@type\":\"WebPage\",\"@id\":\"https:\\\/\\\/polaganje-kamna-keramike.si\\\/o-nas\\\/\",\"url\":\"https:\\\/\\\/polaganje-kamna-keramike.si\\\/o-nas\\\/\",\"name\":\"O NAS - ZAKLJU\u010cNA GRADBENA DELA\",\"isPartOf\":{\"@id\":\"https:\\\/\\\/polaganje-kamna-keramike.si\\\/#website\"},\"primaryImageOfPage\":{\"@id\":\"https:\\\/\\\/polaganje-kamna-keramike.si\\\/o-nas\\\/#primaryimage\"},\"image\":{\"@id\":\"https:\\\/\\\/polaganje-kamna-keramike.si\\\/o-nas\\\/#primaryimage\"},\"thumbnailUrl\":\"https:\\\/\\\/polaganje-kamna-keramike.si\\\/wp-content\\\/uploads\\\/2025\\\/11\\\/20180922_102822-scaled.jpg\",\"datePublished\":\"2025-11-03T17:56:23+00:00\",\"dateModified\":\"2025-11-24T22:31:30+00:00\",\"breadcrumb\":{\"@id\":\"https:\\\/\\\/polaganje-kamna-keramike.si\\\/o-nas\\\/#breadcrumb\"},\"inLanguage\":\"de\",\"potentialAction\":[{\"@type\":\"ReadAction\",\"target\":[\"https:\\\/\\\/polaganje-kamna-keramike.si\\\/o-nas\\\/\"]}]},{\"@type\":\"ImageObject\",\"inLanguage\":\"de\",\"@id\":\"https:\\\/\\\/polaganje-kamna-keramike.si\\\/o-nas\\\/#primaryimage\",\"url\":\"https:\\\/\\\/polaganje-kamna-keramike.si\\\/wp-content\\\/uploads\\\/2025\\\/11\\\/20180922_102822-scaled.jpg\",\"contentUrl\":\"https:\\\/\\\/polaganje-kamna-keramike.si\\\/wp-content\\\/uploads\\\/2025\\\/11\\\/20180922_102822-scaled.jpg\",\"width\":2560,\"height\":1920,\"caption\":\"KOPALNICE\"},{\"@type\":\"BreadcrumbList\",\"@id\":\"https:\\\/\\\/polaganje-kamna-keramike.si\\\/o-nas\\\/#breadcrumb\",\"itemListElement\":[{\"@type\":\"ListItem\",\"position\":1,\"name\":\"Home\",\"item\":\"https:\\\/\\\/polaganje-kamna-keramike.si\\\/\"},{\"@type\":\"ListItem\",\"position\":2,\"name\":\"O NAS\"}]},{\"@type\":\"WebSite\",\"@id\":\"https:\\\/\\\/polaganje-kamna-keramike.si\\\/#website\",\"url\":\"https:\\\/\\\/polaganje-kamna-keramike.si\\\/\",\"name\":\"ZAKLJU\u010cNA GRADBENA DELA\",\"description\":\"U\u010cINKOVITO IN NATAN\u010cNO UREDIMO VA\u0160 DOM\",\"publisher\":{\"@id\":\"https:\\\/\\\/polaganje-kamna-keramike.si\\\/#organization\"},\"potentialAction\":[{\"@type\":\"SearchAction\",\"target\":{\"@type\":\"EntryPoint\",\"urlTemplate\":\"https:\\\/\\\/polaganje-kamna-keramike.si\\\/?s={search_term_string}\"},\"query-input\":{\"@type\":\"PropertyValueSpecification\",\"valueRequired\":true,\"valueName\":\"search_term_string\"}}],\"inLanguage\":\"de\"},{\"@type\":\"Organization\",\"@id\":\"https:\\\/\\\/polaganje-kamna-keramike.si\\\/#organization\",\"name\":\"ZAKLJU\u010cNA GRADBENA DELA\",\"url\":\"https:\\\/\\\/polaganje-kamna-keramike.si\\\/\",\"logo\":{\"@type\":\"ImageObject\",\"inLanguage\":\"de\",\"@id\":\"https:\\\/\\\/polaganje-kamna-keramike.si\\\/#\\\/schema\\\/logo\\\/image\\\/\",\"url\":\"https:\\\/\\\/polaganje-kamna-keramike.si\\\/wp-content\\\/uploads\\\/2025\\\/10\\\/cropped-cropped-ChatGPT-Image-27.-okt.-2025-22_16_46-1.png\",\"contentUrl\":\"https:\\\/\\\/polaganje-kamna-keramike.si\\\/wp-content\\\/uploads\\\/2025\\\/10\\\/cropped-cropped-ChatGPT-Image-27.-okt.-2025-22_16_46-1.png\",\"width\":511,\"height\":337,\"caption\":\"ZAKLJU\u010cNA GRADBENA DELA\"},\"image\":{\"@id\":\"https:\\\/\\\/polaganje-kamna-keramike.si\\\/#\\\/schema\\\/logo\\\/image\\\/\"},\"sameAs\":[\"https:\\\/\\\/www.facebook.com\\\/granitomont\"]}]}<\/script>\n<!-- \/ Yoast SEO plugin. -->","yoast_head_json":{"title":"O NAS - ZAKLJU\u010cNA GRADBENA DELA","robots":{"index":"index","follow":"follow","max-snippet":"max-snippet:-1","max-image-preview":"max-image-preview:large","max-video-preview":"max-video-preview:-1"},"canonical":"https:\/\/polaganje-kamna-keramike.si\/de\/o-nas\/","og_locale":"de_DE","og_type":"article","og_title":"O NAS - ZAKLJU\u010cNA GRADBENA DELA","og_description":"Smo dru\u017einsko podjetje GRANITOMONT, ustanovljeno leta 2006, s sede\u017eem v Gradacu v Beli krajini. \u017de skoraj 20 let samostojno ustvarjamo [&hellip;]","og_url":"https:\/\/polaganje-kamna-keramike.si\/de\/o-nas\/","og_site_name":"ZAKLJU\u010cNA GRADBENA DELA","article_publisher":"https:\/\/www.facebook.com\/granitomont","article_modified_time":"2025-11-24T22:31:30+00:00","og_image":[{"width":2560,"height":1920,"url":"https:\/\/polaganje-kamna-keramike.si\/wp-content\/uploads\/2025\/11\/20180922_102822-scaled.jpg","type":"image\/jpeg"}],"twitter_card":"summary_large_image","twitter_misc":{"Gesch\u00e4tzte Lesezeit":"1\u00a0Minute"},"schema":{"@context":"https:\/\/schema.org","@graph":[{"@type":"WebPage","@id":"https:\/\/polaganje-kamna-keramike.si\/o-nas\/","url":"https:\/\/polaganje-kamna-keramike.si\/o-nas\/","name":"O NAS - ZAKLJU\u010cNA GRADBENA DELA","isPartOf":{"@id":"https:\/\/polaganje-kamna-keramike.si\/#website"},"primaryImageOfPage":{"@id":"https:\/\/polaganje-kamna-keramike.si\/o-nas\/#primaryimage"},"image":{"@id":"https:\/\/polaganje-kamna-keramike.si\/o-nas\/#primaryimage"},"thumbnailUrl":"https:\/\/polaganje-kamna-keramike.si\/wp-content\/uploads\/2025\/11\/20180922_102822-scaled.jpg","datePublished":"2025-11-03T17:56:23+00:00","dateModified":"2025-11-24T22:31:30+00:00","breadcrumb":{"@id":"https:\/\/polaganje-kamna-keramike.si\/o-nas\/#breadcrumb"},"inLanguage":"de","potentialAction":[{"@type":"ReadAction","target":["https:\/\/polaganje-kamna-keramike.si\/o-nas\/"]}]},{"@type":"ImageObject","inLanguage":"de","@id":"https:\/\/polaganje-kamna-keramike.si\/o-nas\/#primaryimage","url":"https:\/\/polaganje-kamna-keramike.si\/wp-content\/uploads\/2025\/11\/20180922_102822-scaled.jpg","contentUrl":"https:\/\/polaganje-kamna-keramike.si\/wp-content\/uploads\/2025\/11\/20180922_102822-scaled.jpg","width":2560,"height":1920,"caption":"KOPALNICE"},{"@type":"BreadcrumbList","@id":"https:\/\/polaganje-kamna-keramike.si\/o-nas\/#breadcrumb","itemListElement":[{"@type":"ListItem","position":1,"name":"Home","item":"https:\/\/polaganje-kamna-keramike.si\/"},{"@type":"ListItem","position":2,"name":"O NAS"}]},{"@type":"WebSite","@id":"https:\/\/polaganje-kamna-keramike.si\/#website","url":"https:\/\/polaganje-kamna-keramike.si\/","name":"ABSCHLIESSENDE BAUARBEITEN","description":"WIR GESTALTEN IHR ZUHAUSE EFFIZIENT UND PR\u00c4ZISE","publisher":{"@id":"https:\/\/polaganje-kamna-keramike.si\/#organization"},"potentialAction":[{"@type":"SearchAction","target":{"@type":"EntryPoint","urlTemplate":"https:\/\/polaganje-kamna-keramike.si\/?s={search_term_string}"},"query-input":{"@type":"PropertyValueSpecification","valueRequired":true,"valueName":"search_term_string"}}],"inLanguage":"de"},{"@type":"Organization","@id":"https:\/\/polaganje-kamna-keramike.si\/#organization","name":"ABSCHLIESSENDE BAUARBEITEN","url":"https:\/\/polaganje-kamna-keramike.si\/","logo":{"@type":"ImageObject","inLanguage":"de","@id":"https:\/\/polaganje-kamna-keramike.si\/#\/schema\/logo\/image\/","url":"https:\/\/polaganje-kamna-keramike.si\/wp-content\/uploads\/2025\/10\/cropped-cropped-ChatGPT-Image-27.-okt.-2025-22_16_46-1.png","contentUrl":"https:\/\/polaganje-kamna-keramike.si\/wp-content\/uploads\/2025\/10\/cropped-cropped-ChatGPT-Image-27.-okt.-2025-22_16_46-1.png","width":511,"height":337,"caption":"ZAKLJU\u010cNA GRADBENA DELA"},"image":{"@id":"https:\/\/polaganje-kamna-keramike.si\/#\/schema\/logo\/image\/"},"sameAs":["https:\/\/www.facebook.com\/granitomont"]}]}},"_links":{"self":[{"href":"https:\/\/polaganje-kamna-keramike.si\/de\/wp-json\/wp\/v2\/pages\/222","targetHints":{"allow":["GET"]}}],"collection":[{"href":"https:\/\/polaganje-kamna-keramike.si\/de\/wp-json\/wp\/v2\/pages"}],"about":[{"href":"https:\/\/polaganje-kamna-keramike.si\/de\/wp-json\/wp\/v2\/types\/page"}],"author":[{"embeddable":true,"href":"https:\/\/polaganje-kamna-keramike.si\/de\/wp-json\/wp\/v2\/users\/1"}],"replies":[{"embeddable":true,"href":"https:\/\/polaganje-kamna-keramike.si\/de\/wp-json\/wp\/v2\/comments?post=222"}],"version-history":[{"count":0,"href":"https:\/\/polaganje-kamna-keramike.si\/de\/wp-json\/wp\/v2\/pages\/222\/revisions"}],"wp:featuredmedia":[{"embeddable":true,"href":"https:\/\/polaganje-kamna-keramike.si\/de\/wp-json\/wp\/v2\/media\/144"}],"wp:attachment":[{"href":"https:\/\/polaganje-kamna-keramike.si\/de\/wp-json\/wp\/v2\/media?parent=222"}],"curies":[{"name":"wp","href":"https:\/\/api.w.org\/{rel}","templated":true}]}}