{"id":228,"date":"2025-11-03T17:57:19","date_gmt":"2025-11-03T17:57:19","guid":{"rendered":"https:\/\/polaganje-kamna-keramike.si\/?page_id=228"},"modified":"2025-12-03T20:21:17","modified_gmt":"2025-12-03T20:21:17","slug":"kontakt","status":"publish","type":"page","link":"https:\/\/polaganje-kamna-keramike.si\/de\/kontakt\/","title":{"rendered":"KONTAKT"},"content":{"rendered":"<div data-elementor-type=\"wp-page\" data-elementor-id=\"228\" class=\"elementor elementor-228\">\n\t\t\t\t<div class=\"elementor-element elementor-element-aadb488 e-flex e-con-boxed e-con e-parent\" data-id=\"aadb488\" data-element_type=\"container\" data-e-type=\"container\">\n\t\t\t\t\t<div class=\"e-con-inner\">\n\t\t<div class=\"elementor-element elementor-element-fcdc3e4 e-con-full e-flex e-con e-child\" data-id=\"fcdc3e4\" data-element_type=\"container\" data-e-type=\"container\">\n\t\t\t\t<div class=\"elementor-element elementor-element-7fd3c63 elementor-widget elementor-widget-text-editor\" data-id=\"7fd3c63\" data-element_type=\"widget\" data-e-type=\"widget\" data-widget_type=\"text-editor.default\">\n\t\t\t\t\t\t\t\t\t<p><span style=\"color: #000000;\"><strong>GRANITOMONT<\/strong>\u00a0<strong>monta\u017ea granita in skrilavcev<\/strong><\/span><\/p>\n<p><span style=\"color: #000000;\"><!-- \/wp:paragraph --><!-- wp:paragraph --><\/span><\/p>\n<p><span style=\"color: #000000;\">\u017dUGELJ PETER S.P.<\/span><\/p>\n<p><span style=\"color: #000000;\"><!-- \/wp:paragraph --><!-- wp:paragraph --><\/span><\/p>\n<p><span style=\"color: #000000;\">GRADAC 84<\/span><\/p>\n<p><span style=\"color: #000000;\"><!-- \/wp:paragraph --><!-- wp:paragraph --><\/span><\/p>\n<p><span style=\"color: #000000;\">8332 GRADAC<\/span><\/p>\n<p><span style=\"color: #000000;\"><!-- \/wp:paragraph --><!-- wp:paragraph --><\/span><\/p>\n<p><strong><span style=\"color: #000000;\">TEL.: 0038640838904, 0038640221771<\/span><\/strong><\/p>\n<p><span style=\"color: #000000;\"><!-- \/wp:paragraph --><!-- wp:paragraph --><\/span><\/p>\n<p><span style=\"color: #000000;\">E-mail: granitomont@gmail.com<\/span><\/p>\n<p><!-- \/wp:paragraph --><!-- wp:paragraph --><\/p>\n<p><span style=\"color: #000000;\">Webseite:\u00a0<a style=\"color: #000000;\" href=\"https:\/\/polaganje-kamna-keramike.si\/de\/\">https:\/\/polaganje-kamna-keramike.si<\/a><\/span><\/p>\n<p><!-- \/wp:shortcode --><\/p>\t\t\t\t\t\t\t\t<\/div>\n\t\t\t\t<\/div>\n\t\t<div class=\"elementor-element elementor-element-05a7c0a e-con-full e-flex e-con e-child\" data-id=\"05a7c0a\" data-element_type=\"container\" data-e-type=\"container\">\n\t\t\t\t<div class=\"elementor-element elementor-element-a3e572a elementor-widget elementor-widget-text-editor\" data-id=\"a3e572a\" data-element_type=\"widget\" data-e-type=\"widget\" data-widget_type=\"text-editor.default\">\n\t\t\t\t\t\t\t\t\t<p><span style=\"font-style: inherit; font-weight: inherit;\">\n<div class=\"wpcf7 no-js\" id=\"wpcf7-f33-o1\" lang=\"sl-SI\" dir=\"ltr\" data-wpcf7-id=\"33\">\n<div class=\"screen-reader-response\"><p role=\"status\" aria-live=\"polite\" aria-atomic=\"true\"><\/p> <ul><\/ul><\/div>\n<form action=\"\/de\/wp-json\/wp\/v2\/pages\/228#wpcf7-f33-o1\" method=\"post\" class=\"wpcf7-form init\" aria-label=\"Kontaktni obrazec\" novalidate=\"novalidate\" data-status=\"init\" data-trp-original-action=\"\/de\/wp-json\/wp\/v2\/pages\/228#wpcf7-f33-o1\">\n<fieldset class=\"hidden-fields-container\"><input type=\"hidden\" name=\"_wpcf7\" value=\"33\" \/><input type=\"hidden\" name=\"_wpcf7_version\" value=\"6.1.5\" \/><input type=\"hidden\" name=\"_wpcf7_locale\" value=\"sl_SI\" \/><input type=\"hidden\" name=\"_wpcf7_unit_tag\" value=\"wpcf7-f33-o1\" \/><input type=\"hidden\" name=\"_wpcf7_container_post\" value=\"0\" \/><input type=\"hidden\" name=\"_wpcf7_posted_data_hash\" value=\"\" \/>\n<\/fieldset>\n<p>Anfrage:\n<\/p>\n<p><label> Name und Nachname<br \/>\n<span class=\"wpcf7-form-control-wrap\" data-name=\"your-name\"><input size=\"40\" maxlength=\"400\" class=\"wpcf7-form-control wpcf7-text wpcf7-validates-as-required\" autocomplete=\"name\" aria-required=\"true\" aria-invalid=\"false\" value=\"\" type=\"text\" name=\"your-name\" \/><\/span> <\/label>\n<\/p>\n<p><label> E-Mail<br \/>\n<span class=\"wpcf7-form-control-wrap\" data-name=\"your-email\"><input size=\"40\" maxlength=\"400\" class=\"wpcf7-form-control wpcf7-email wpcf7-validates-as-required wpcf7-text wpcf7-validates-as-email\" autocomplete=\"email\" aria-required=\"true\" aria-invalid=\"false\" value=\"\" type=\"email\" name=\"your-email\" \/><\/span> <\/label>\n<\/p>\n<p><label> Betreff<br \/>\n<span class=\"wpcf7-form-control-wrap\" data-name=\"your-subject\"><input size=\"40\" maxlength=\"400\" class=\"wpcf7-form-control wpcf7-text wpcf7-validates-as-required\" aria-required=\"true\" aria-invalid=\"false\" value=\"\" type=\"text\" name=\"your-subject\" \/><\/span> <\/label>\n<\/p>\n<p><label> Nachricht<br \/>\n<span class=\"wpcf7-form-control-wrap\" data-name=\"your-message\"><textarea cols=\"40\" rows=\"10\" maxlength=\"2000\" class=\"wpcf7-form-control wpcf7-textarea\" aria-invalid=\"false\" name=\"your-message\"><\/textarea><\/span> <\/label>\n<\/p>\n<p><input class=\"wpcf7-form-control wpcf7-submit has-spinner\" type=\"submit\" value=\"Senden\" \/>\n<\/p><div class=\"wpcf7-response-output\" aria-hidden=\"true\"><\/div>\n<input type=\"hidden\" name=\"trp-form-language\" value=\"de\"\/><\/form>\n<\/div>\n<\/span><\/p>\n<p><!-- \/wp:shortcode --><\/p>\t\t\t\t\t\t\t\t<\/div>\n\t\t\t\t<\/div>\n\t\t\t\t\t<\/div>\n\t\t\t\t<\/div>\n\t\t\t\t<\/div>","protected":false},"excerpt":{"rendered":"<p>GRANITOMONT\u00a0monta\u017ea granita in skrilavcev \u017dUGELJ PETER S.P. GRADAC 84 8332 GRADAC TEL.: 0038640838904, 0038640221771 E-mail: granitomont@gmail.com splet:\u00a0https:\/\/polaganje-kamna-keramike.si<\/p>","protected":false},"author":1,"featured_media":0,"parent":0,"menu_order":0,"comment_status":"closed","ping_status":"closed","template":"","meta":{"site-sidebar-layout":"default","site-content-layout":"","ast-site-content-layout":"default","site-content-style":"default","site-sidebar-style":"default","ast-global-header-display":"","ast-banner-title-visibility":"","ast-main-header-display":"","ast-hfb-above-header-display":"","ast-hfb-below-header-display":"","ast-hfb-mobile-header-display":"","site-post-title":"","ast-breadcrumbs-content":"","ast-featured-img":"","footer-sml-layout":"","ast-disable-related-posts":"","theme-transparent-header-meta":"","adv-header-id-meta":"","stick-header-meta":"","header-above-stick-meta":"","header-main-stick-meta":"","header-below-stick-meta":"","astra-migrate-meta-layouts":"default","ast-page-background-enabled":"default","ast-page-background-meta":{"desktop":{"background-color":"var(--ast-global-color-5)","background-image":"","background-repeat":"repeat","background-position":"center center","background-size":"auto","background-attachment":"scroll","background-type":"","background-media":"","overlay-type":"","overlay-color":"","overlay-opacity":"","overlay-gradient":""},"tablet":{"background-color":"","background-image":"","background-repeat":"repeat","background-position":"center center","background-size":"auto","background-attachment":"scroll","background-type":"","background-media":"","overlay-type":"","overlay-color":"","overlay-opacity":"","overlay-gradient":""},"mobile":{"background-color":"","background-image":"","background-repeat":"repeat","background-position":"center center","background-size":"auto","background-attachment":"scroll","background-type":"","background-media":"","overlay-type":"","overlay-color":"","overlay-opacity":"","overlay-gradient":""}},"ast-content-background-meta":{"desktop":{"background-color":"var(--ast-global-color-4)","background-image":"","background-repeat":"repeat","background-position":"center center","background-size":"auto","background-attachment":"scroll","background-type":"","background-media":"","overlay-type":"","overlay-color":"","overlay-opacity":"","overlay-gradient":""},"tablet":{"background-color":"var(--ast-global-color-4)","background-image":"","background-repeat":"repeat","background-position":"center center","background-size":"auto","background-attachment":"scroll","background-type":"","background-media":"","overlay-type":"","overlay-color":"","overlay-opacity":"","overlay-gradient":""},"mobile":{"background-color":"var(--ast-global-color-4)","background-image":"","background-repeat":"repeat","background-position":"center center","background-size":"auto","background-attachment":"scroll","background-type":"","background-media":"","overlay-type":"","overlay-color":"","overlay-opacity":"","overlay-gradient":""}},"footnotes":""},"class_list":["post-228","page","type-page","status-publish","hentry"],"featured_image_src":null,"yoast_head":"<!-- This site is optimized with the Yoast SEO plugin v27.4 - https:\/\/yoast.com\/product\/yoast-seo-wordpress\/ -->\n<title>KONTAKT - ZAKLJU\u010cNA GRADBENA DELA<\/title>\n<meta name=\"robots\" content=\"index, follow, max-snippet:-1, max-image-preview:large, max-video-preview:-1\" \/>\n<link rel=\"canonical\" href=\"https:\/\/polaganje-kamna-keramike.si\/de\/kontakt\/\" \/>\n<meta property=\"og:locale\" content=\"de_DE\" \/>\n<meta property=\"og:type\" content=\"article\" \/>\n<meta property=\"og:title\" content=\"KONTAKT - ZAKLJU\u010cNA GRADBENA DELA\" \/>\n<meta property=\"og:description\" content=\"GRANITOMONT\u00a0monta\u017ea granita in skrilavcev \u017dUGELJ PETER S.P. GRADAC 84 8332 GRADAC TEL.: 0038640838904, 0038640221771 E-mail: granitomont@gmail.com splet:\u00a0https:\/\/polaganje-kamna-keramike.si\" \/>\n<meta property=\"og:url\" content=\"https:\/\/polaganje-kamna-keramike.si\/de\/kontakt\/\" \/>\n<meta property=\"og:site_name\" content=\"ZAKLJU\u010cNA GRADBENA DELA\" \/>\n<meta property=\"article:publisher\" content=\"https:\/\/www.facebook.com\/granitomont\" \/>\n<meta property=\"article:modified_time\" content=\"2025-12-03T20:21:17+00:00\" \/>\n<meta name=\"twitter:card\" content=\"summary_large_image\" \/>\n<meta name=\"twitter:label1\" content=\"Gesch\u00e4tzte Lesezeit\" \/>\n\t<meta name=\"twitter:data1\" content=\"1\u00a0Minute\" \/>\n<script type=\"application\/ld+json\" class=\"yoast-schema-graph\">{\"@context\":\"https:\\\/\\\/schema.org\",\"@graph\":[{\"@type\":\"WebPage\",\"@id\":\"https:\\\/\\\/polaganje-kamna-keramike.si\\\/kontakt\\\/\",\"url\":\"https:\\\/\\\/polaganje-kamna-keramike.si\\\/kontakt\\\/\",\"name\":\"KONTAKT - ZAKLJU\u010cNA GRADBENA DELA\",\"isPartOf\":{\"@id\":\"https:\\\/\\\/polaganje-kamna-keramike.si\\\/#website\"},\"datePublished\":\"2025-11-03T17:57:19+00:00\",\"dateModified\":\"2025-12-03T20:21:17+00:00\",\"breadcrumb\":{\"@id\":\"https:\\\/\\\/polaganje-kamna-keramike.si\\\/kontakt\\\/#breadcrumb\"},\"inLanguage\":\"de\",\"potentialAction\":[{\"@type\":\"ReadAction\",\"target\":[\"https:\\\/\\\/polaganje-kamna-keramike.si\\\/kontakt\\\/\"]}]},{\"@type\":\"BreadcrumbList\",\"@id\":\"https:\\\/\\\/polaganje-kamna-keramike.si\\\/kontakt\\\/#breadcrumb\",\"itemListElement\":[{\"@type\":\"ListItem\",\"position\":1,\"name\":\"Home\",\"item\":\"https:\\\/\\\/polaganje-kamna-keramike.si\\\/\"},{\"@type\":\"ListItem\",\"position\":2,\"name\":\"KONTAKT\"}]},{\"@type\":\"WebSite\",\"@id\":\"https:\\\/\\\/polaganje-kamna-keramike.si\\\/#website\",\"url\":\"https:\\\/\\\/polaganje-kamna-keramike.si\\\/\",\"name\":\"ZAKLJU\u010cNA GRADBENA DELA\",\"description\":\"U\u010cINKOVITO IN NATAN\u010cNO UREDIMO VA\u0160 DOM\",\"publisher\":{\"@id\":\"https:\\\/\\\/polaganje-kamna-keramike.si\\\/#organization\"},\"potentialAction\":[{\"@type\":\"SearchAction\",\"target\":{\"@type\":\"EntryPoint\",\"urlTemplate\":\"https:\\\/\\\/polaganje-kamna-keramike.si\\\/?s={search_term_string}\"},\"query-input\":{\"@type\":\"PropertyValueSpecification\",\"valueRequired\":true,\"valueName\":\"search_term_string\"}}],\"inLanguage\":\"de\"},{\"@type\":\"Organization\",\"@id\":\"https:\\\/\\\/polaganje-kamna-keramike.si\\\/#organization\",\"name\":\"ZAKLJU\u010cNA GRADBENA DELA\",\"url\":\"https:\\\/\\\/polaganje-kamna-keramike.si\\\/\",\"logo\":{\"@type\":\"ImageObject\",\"inLanguage\":\"de\",\"@id\":\"https:\\\/\\\/polaganje-kamna-keramike.si\\\/#\\\/schema\\\/logo\\\/image\\\/\",\"url\":\"https:\\\/\\\/polaganje-kamna-keramike.si\\\/wp-content\\\/uploads\\\/2025\\\/10\\\/cropped-cropped-ChatGPT-Image-27.-okt.-2025-22_16_46-1.png\",\"contentUrl\":\"https:\\\/\\\/polaganje-kamna-keramike.si\\\/wp-content\\\/uploads\\\/2025\\\/10\\\/cropped-cropped-ChatGPT-Image-27.-okt.-2025-22_16_46-1.png\",\"width\":511,\"height\":337,\"caption\":\"ZAKLJU\u010cNA GRADBENA DELA\"},\"image\":{\"@id\":\"https:\\\/\\\/polaganje-kamna-keramike.si\\\/#\\\/schema\\\/logo\\\/image\\\/\"},\"sameAs\":[\"https:\\\/\\\/www.facebook.com\\\/granitomont\"]}]}<\/script>\n<!-- \/ Yoast SEO plugin. -->","yoast_head_json":{"title":"KONTAKT - ZAKLJU\u010cNA GRADBENA DELA","robots":{"index":"index","follow":"follow","max-snippet":"max-snippet:-1","max-image-preview":"max-image-preview:large","max-video-preview":"max-video-preview:-1"},"canonical":"https:\/\/polaganje-kamna-keramike.si\/de\/kontakt\/","og_locale":"de_DE","og_type":"article","og_title":"KONTAKT - ZAKLJU\u010cNA GRADBENA DELA","og_description":"GRANITOMONT\u00a0monta\u017ea granita in skrilavcev \u017dUGELJ PETER S.P. GRADAC 84 8332 GRADAC TEL.: 0038640838904, 0038640221771 E-mail: granitomont@gmail.com splet:\u00a0https:\/\/polaganje-kamna-keramike.si","og_url":"https:\/\/polaganje-kamna-keramike.si\/de\/kontakt\/","og_site_name":"ZAKLJU\u010cNA GRADBENA DELA","article_publisher":"https:\/\/www.facebook.com\/granitomont","article_modified_time":"2025-12-03T20:21:17+00:00","twitter_card":"summary_large_image","twitter_misc":{"Gesch\u00e4tzte Lesezeit":"1\u00a0Minute"},"schema":{"@context":"https:\/\/schema.org","@graph":[{"@type":"WebPage","@id":"https:\/\/polaganje-kamna-keramike.si\/kontakt\/","url":"https:\/\/polaganje-kamna-keramike.si\/kontakt\/","name":"KONTAKT - ZAKLJU\u010cNA GRADBENA DELA","isPartOf":{"@id":"https:\/\/polaganje-kamna-keramike.si\/#website"},"datePublished":"2025-11-03T17:57:19+00:00","dateModified":"2025-12-03T20:21:17+00:00","breadcrumb":{"@id":"https:\/\/polaganje-kamna-keramike.si\/kontakt\/#breadcrumb"},"inLanguage":"de","potentialAction":[{"@type":"ReadAction","target":["https:\/\/polaganje-kamna-keramike.si\/kontakt\/"]}]},{"@type":"BreadcrumbList","@id":"https:\/\/polaganje-kamna-keramike.si\/kontakt\/#breadcrumb","itemListElement":[{"@type":"ListItem","position":1,"name":"Home","item":"https:\/\/polaganje-kamna-keramike.si\/"},{"@type":"ListItem","position":2,"name":"KONTAKT"}]},{"@type":"WebSite","@id":"https:\/\/polaganje-kamna-keramike.si\/#website","url":"https:\/\/polaganje-kamna-keramike.si\/","name":"ABSCHLIESSENDE BAUARBEITEN","description":"WIR GESTALTEN IHR ZUHAUSE EFFIZIENT UND PR\u00c4ZISE","publisher":{"@id":"https:\/\/polaganje-kamna-keramike.si\/#organization"},"potentialAction":[{"@type":"SearchAction","target":{"@type":"EntryPoint","urlTemplate":"https:\/\/polaganje-kamna-keramike.si\/?s={search_term_string}"},"query-input":{"@type":"PropertyValueSpecification","valueRequired":true,"valueName":"search_term_string"}}],"inLanguage":"de"},{"@type":"Organization","@id":"https:\/\/polaganje-kamna-keramike.si\/#organization","name":"ABSCHLIESSENDE BAUARBEITEN","url":"https:\/\/polaganje-kamna-keramike.si\/","logo":{"@type":"ImageObject","inLanguage":"de","@id":"https:\/\/polaganje-kamna-keramike.si\/#\/schema\/logo\/image\/","url":"https:\/\/polaganje-kamna-keramike.si\/wp-content\/uploads\/2025\/10\/cropped-cropped-ChatGPT-Image-27.-okt.-2025-22_16_46-1.png","contentUrl":"https:\/\/polaganje-kamna-keramike.si\/wp-content\/uploads\/2025\/10\/cropped-cropped-ChatGPT-Image-27.-okt.-2025-22_16_46-1.png","width":511,"height":337,"caption":"ZAKLJU\u010cNA GRADBENA DELA"},"image":{"@id":"https:\/\/polaganje-kamna-keramike.si\/#\/schema\/logo\/image\/"},"sameAs":["https:\/\/www.facebook.com\/granitomont"]}]}},"_links":{"self":[{"href":"https:\/\/polaganje-kamna-keramike.si\/de\/wp-json\/wp\/v2\/pages\/228","targetHints":{"allow":["GET"]}}],"collection":[{"href":"https:\/\/polaganje-kamna-keramike.si\/de\/wp-json\/wp\/v2\/pages"}],"about":[{"href":"https:\/\/polaganje-kamna-keramike.si\/de\/wp-json\/wp\/v2\/types\/page"}],"author":[{"embeddable":true,"href":"https:\/\/polaganje-kamna-keramike.si\/de\/wp-json\/wp\/v2\/users\/1"}],"replies":[{"embeddable":true,"href":"https:\/\/polaganje-kamna-keramike.si\/de\/wp-json\/wp\/v2\/comments?post=228"}],"version-history":[{"count":0,"href":"https:\/\/polaganje-kamna-keramike.si\/de\/wp-json\/wp\/v2\/pages\/228\/revisions"}],"wp:attachment":[{"href":"https:\/\/polaganje-kamna-keramike.si\/de\/wp-json\/wp\/v2\/media?parent=228"}],"curies":[{"name":"wp","href":"https:\/\/api.w.org\/{rel}","templated":true}]}}