{"id":234,"date":"2025-11-03T17:58:53","date_gmt":"2025-11-03T17:58:53","guid":{"rendered":"https:\/\/polaganje-kamna-keramike.si\/?page_id=234"},"modified":"2025-12-23T13:58:13","modified_gmt":"2025-12-23T13:58:13","slug":"notranje-ureditve","status":"publish","type":"page","link":"https:\/\/polaganje-kamna-keramike.si\/de\/notranje-ureditve\/","title":{"rendered":"UNSERE DIENSTLEISTUNGEN"},"content":{"rendered":"<div data-elementor-type=\"wp-page\" data-elementor-id=\"234\" class=\"elementor elementor-234\">\n\t\t\t\t<div class=\"elementor-element elementor-element-f849e39 e-flex e-con-boxed e-con e-parent\" data-id=\"f849e39\" data-element_type=\"container\" data-e-type=\"container\">\n\t\t\t\t\t<div class=\"e-con-inner\">\n\t\t\t\t<div class=\"elementor-element elementor-element-46d5c4e5 elementor-widget elementor-widget-text-editor\" data-id=\"46d5c4e5\" data-element_type=\"widget\" data-e-type=\"widget\" data-widget_type=\"text-editor.default\">\n\t\t\t\t\t\t\t\t\t\n<p><\/p>\n\n\n\n<p><\/p>\n\t\t\t\t\t\t\t\t<\/div>\n\t\t\t\t\t<\/div>\n\t\t\t\t<\/div>\n\t\t<div class=\"elementor-element elementor-element-8689007 e-flex e-con-boxed e-con e-parent\" data-id=\"8689007\" data-element_type=\"container\" data-e-type=\"container\">\n\t\t\t\t\t<div class=\"e-con-inner\">\n\t\t<div class=\"elementor-element elementor-element-b76cb75 e-con-full e-flex e-con e-child\" data-id=\"b76cb75\" data-element_type=\"container\" data-e-type=\"container\">\n\t\t\t\t<div class=\"elementor-element elementor-element-e4a9508 elementor-widget__width-initial elementor-widget elementor-widget-image\" data-id=\"e4a9508\" data-element_type=\"widget\" data-e-type=\"widget\" data-widget_type=\"image.default\">\n\t\t\t\t\t\t\t\t\t\t\t\t<figure class=\"wp-caption\">\n\t\t\t\t\t\t\t\t\t\t\t<a href=\"https:\/\/polaganje-kamna-keramike.si\/de\/storitve\/\">\n\t\t\t\t\t\t\t<img fetchpriority=\"high\" decoding=\"async\" width=\"1024\" height=\"768\" src=\"https:\/\/polaganje-kamna-keramike.si\/wp-content\/uploads\/2025\/12\/20230527_151828-1024x768.jpg\" class=\"attachment-large size-large wp-image-896\" alt=\"\" srcset=\"https:\/\/polaganje-kamna-keramike.si\/wp-content\/uploads\/2025\/12\/20230527_151828-1024x768.jpg 1024w, https:\/\/polaganje-kamna-keramike.si\/wp-content\/uploads\/2025\/12\/20230527_151828-300x225.jpg 300w, https:\/\/polaganje-kamna-keramike.si\/wp-content\/uploads\/2025\/12\/20230527_151828-768x576.jpg 768w, https:\/\/polaganje-kamna-keramike.si\/wp-content\/uploads\/2025\/12\/20230527_151828-1536x1152.jpg 1536w, https:\/\/polaganje-kamna-keramike.si\/wp-content\/uploads\/2025\/12\/20230527_151828-2048x1536.jpg 2048w\" sizes=\"(max-width: 1024px) 100vw, 1024px\" \/>\t\t\t\t\t\t\t\t<\/a>\n\t\t\t\t\t\t\t\t\t\t\t<figcaption class=\"widget-image-caption wp-caption-text\">VERLEGUNG VON NATURSTEIN<\/figcaption>\n\t\t\t\t\t\t\t\t\t\t<\/figure>\n\t\t\t\t\t\t\t\t\t<\/div>\n\t\t\t\t<div class=\"elementor-element elementor-element-06de3e2 elementor-widget elementor-widget-image\" data-id=\"06de3e2\" data-element_type=\"widget\" data-e-type=\"widget\" data-widget_type=\"image.default\">\n\t\t\t\t\t\t\t\t\t\t\t\t<figure class=\"wp-caption\">\n\t\t\t\t\t\t\t\t\t\t\t<a href=\"https:\/\/polaganje-kamna-keramike.si\/de\/storitve-2\/\">\n\t\t\t\t\t\t\t<img decoding=\"async\" width=\"1024\" height=\"768\" src=\"https:\/\/polaganje-kamna-keramike.si\/wp-content\/uploads\/2025\/12\/20220304_070210-1024x768.jpg\" class=\"attachment-large size-large wp-image-890\" alt=\"\" srcset=\"https:\/\/polaganje-kamna-keramike.si\/wp-content\/uploads\/2025\/12\/20220304_070210-1024x768.jpg 1024w, https:\/\/polaganje-kamna-keramike.si\/wp-content\/uploads\/2025\/12\/20220304_070210-300x225.jpg 300w, https:\/\/polaganje-kamna-keramike.si\/wp-content\/uploads\/2025\/12\/20220304_070210-768x576.jpg 768w, https:\/\/polaganje-kamna-keramike.si\/wp-content\/uploads\/2025\/12\/20220304_070210-1536x1152.jpg 1536w, https:\/\/polaganje-kamna-keramike.si\/wp-content\/uploads\/2025\/12\/20220304_070210-2048x1536.jpg 2048w\" sizes=\"(max-width: 1024px) 100vw, 1024px\" \/>\t\t\t\t\t\t\t\t<\/a>\n\t\t\t\t\t\t\t\t\t\t\t<figcaption class=\"widget-image-caption wp-caption-text\">VERLEGUNG VON FLIESEN<\/figcaption>\n\t\t\t\t\t\t\t\t\t\t<\/figure>\n\t\t\t\t\t\t\t\t\t<\/div>\n\t\t\t\t<div class=\"elementor-element elementor-element-6aa3030 elementor-widget elementor-widget-image\" data-id=\"6aa3030\" data-element_type=\"widget\" data-e-type=\"widget\" data-widget_type=\"image.default\">\n\t\t\t\t\t\t\t\t\t\t\t\t<figure class=\"wp-caption\">\n\t\t\t\t\t\t\t\t\t\t\t<a href=\"https:\/\/polaganje-kamna-keramike.si\/de\/polaganje-keramike\/\">\n\t\t\t\t\t\t\t<img decoding=\"async\" width=\"1024\" height=\"530\" src=\"https:\/\/polaganje-kamna-keramike.si\/wp-content\/uploads\/2025\/12\/3-1024x530.jpg\" class=\"attachment-large size-large wp-image-955\" alt=\"\" srcset=\"https:\/\/polaganje-kamna-keramike.si\/wp-content\/uploads\/2025\/12\/3-1024x530.jpg 1024w, https:\/\/polaganje-kamna-keramike.si\/wp-content\/uploads\/2025\/12\/3-300x155.jpg 300w, https:\/\/polaganje-kamna-keramike.si\/wp-content\/uploads\/2025\/12\/3-768x397.jpg 768w, https:\/\/polaganje-kamna-keramike.si\/wp-content\/uploads\/2025\/12\/3-1536x795.jpg 1536w, https:\/\/polaganje-kamna-keramike.si\/wp-content\/uploads\/2025\/12\/3-2048x1060.jpg 2048w, https:\/\/polaganje-kamna-keramike.si\/wp-content\/uploads\/2025\/12\/3-18x9.jpg 18w\" sizes=\"(max-width: 1024px) 100vw, 1024px\" \/>\t\t\t\t\t\t\t\t<\/a>\n\t\t\t\t\t\t\t\t\t\t\t<figcaption class=\"widget-image-caption wp-caption-text\">VERLEGUNG VON PFLASTERSTEINEN<\/figcaption>\n\t\t\t\t\t\t\t\t\t\t<\/figure>\n\t\t\t\t\t\t\t\t\t<\/div>\n\t\t\t\t<\/div>\n\t\t<div class=\"elementor-element elementor-element-62f600a e-con-full e-flex e-con e-child\" data-id=\"62f600a\" data-element_type=\"container\" data-e-type=\"container\">\n\t\t\t\t<div class=\"elementor-element elementor-element-ca92dfa elementor-widget__width-initial elementor-widget elementor-widget-image\" data-id=\"ca92dfa\" data-element_type=\"widget\" data-e-type=\"widget\" data-widget_type=\"image.default\">\n\t\t\t\t\t\t\t\t\t\t\t\t<figure class=\"wp-caption\">\n\t\t\t\t\t\t\t\t\t\t\t<a href=\"https:\/\/polaganje-kamna-keramike.si\/de\/beljenje-in-kitanje-sten\/\">\n\t\t\t\t\t\t\t<img loading=\"lazy\" decoding=\"async\" width=\"768\" height=\"1024\" src=\"https:\/\/polaganje-kamna-keramike.si\/wp-content\/uploads\/2025\/12\/IMG-20250312-WA0004-768x1024.jpg\" class=\"attachment-large size-large wp-image-899\" alt=\"\" srcset=\"https:\/\/polaganje-kamna-keramike.si\/wp-content\/uploads\/2025\/12\/IMG-20250312-WA0004-768x1024.jpg 768w, https:\/\/polaganje-kamna-keramike.si\/wp-content\/uploads\/2025\/12\/IMG-20250312-WA0004-225x300.jpg 225w, https:\/\/polaganje-kamna-keramike.si\/wp-content\/uploads\/2025\/12\/IMG-20250312-WA0004-1152x1536.jpg 1152w, https:\/\/polaganje-kamna-keramike.si\/wp-content\/uploads\/2025\/12\/IMG-20250312-WA0004.jpg 1500w\" sizes=\"(max-width: 768px) 100vw, 768px\" \/>\t\t\t\t\t\t\t\t<\/a>\n\t\t\t\t\t\t\t\t\t\t\t<figcaption class=\"widget-image-caption wp-caption-text\">STREICHEN UND AUSGLEICHEN VON W\u00c4NDEN<\/figcaption>\n\t\t\t\t\t\t\t\t\t\t<\/figure>\n\t\t\t\t\t\t\t\t\t<\/div>\n\t\t\t\t<div class=\"elementor-element elementor-element-4c14d29 elementor-widget__width-initial elementor-widget elementor-widget-image\" data-id=\"4c14d29\" data-element_type=\"widget\" data-e-type=\"widget\" data-widget_type=\"image.default\">\n\t\t\t\t\t\t\t\t\t\t\t\t<figure class=\"wp-caption\">\n\t\t\t\t\t\t\t\t\t\t\t<a href=\"https:\/\/polaganje-kamna-keramike.si\/de\/adaptacija-stanovanj\/\">\n\t\t\t\t\t\t\t<img loading=\"lazy\" decoding=\"async\" width=\"1024\" height=\"768\" src=\"https:\/\/polaganje-kamna-keramike.si\/wp-content\/uploads\/2025\/12\/IMG-20250311-WA0004-1024x768.jpg\" class=\"attachment-large size-large wp-image-900\" alt=\"\" srcset=\"https:\/\/polaganje-kamna-keramike.si\/wp-content\/uploads\/2025\/12\/IMG-20250311-WA0004-1024x768.jpg 1024w, https:\/\/polaganje-kamna-keramike.si\/wp-content\/uploads\/2025\/12\/IMG-20250311-WA0004-300x225.jpg 300w, https:\/\/polaganje-kamna-keramike.si\/wp-content\/uploads\/2025\/12\/IMG-20250311-WA0004-768x576.jpg 768w, https:\/\/polaganje-kamna-keramike.si\/wp-content\/uploads\/2025\/12\/IMG-20250311-WA0004-1536x1152.jpg 1536w, https:\/\/polaganje-kamna-keramike.si\/wp-content\/uploads\/2025\/12\/IMG-20250311-WA0004.jpg 1600w\" sizes=\"(max-width: 1024px) 100vw, 1024px\" \/>\t\t\t\t\t\t\t\t<\/a>\n\t\t\t\t\t\t\t\t\t\t\t<figcaption class=\"widget-image-caption wp-caption-text\">WOHNUNGSRENOVIERUNGEN<\/figcaption>\n\t\t\t\t\t\t\t\t\t\t<\/figure>\n\t\t\t\t\t\t\t\t\t<\/div>\n\t\t\t\t<\/div>\n\t\t<div class=\"elementor-element elementor-element-b3af5ac e-con-full e-flex e-con e-child\" data-id=\"b3af5ac\" data-element_type=\"container\" data-e-type=\"container\">\n\t\t\t\t<div class=\"elementor-element elementor-element-84ddfa6 elementor-widget__width-initial elementor-widget elementor-widget-image\" data-id=\"84ddfa6\" data-element_type=\"widget\" data-e-type=\"widget\" data-widget_type=\"image.default\">\n\t\t\t\t\t\t\t\t\t\t\t\t<figure class=\"wp-caption\">\n\t\t\t\t\t\t\t\t\t\t\t<a href=\"https:\/\/polaganje-kamna-keramike.si\/de\/delo-z-minibagrom\/\">\n\t\t\t\t\t\t\t<img loading=\"lazy\" decoding=\"async\" width=\"768\" height=\"1024\" src=\"https:\/\/polaganje-kamna-keramike.si\/wp-content\/uploads\/2025\/12\/Converted-File-1-768x1024.jpg\" class=\"attachment-large size-large wp-image-843\" alt=\"\" srcset=\"https:\/\/polaganje-kamna-keramike.si\/wp-content\/uploads\/2025\/12\/Converted-File-1-768x1024.jpg 768w, https:\/\/polaganje-kamna-keramike.si\/wp-content\/uploads\/2025\/12\/Converted-File-1-225x300.jpg 225w, https:\/\/polaganje-kamna-keramike.si\/wp-content\/uploads\/2025\/12\/Converted-File-1-1152x1536.jpg 1152w, https:\/\/polaganje-kamna-keramike.si\/wp-content\/uploads\/2025\/12\/Converted-File-1-1536x2048.jpg 1536w, https:\/\/polaganje-kamna-keramike.si\/wp-content\/uploads\/2025\/12\/Converted-File-1-scaled.jpg 1920w\" sizes=\"(max-width: 768px) 100vw, 768px\" \/>\t\t\t\t\t\t\t\t<\/a>\n\t\t\t\t\t\t\t\t\t\t\t<figcaption class=\"widget-image-caption wp-caption-text\">ERDARBEITEN UND ARBEITEN MIT DEM MINIBAGGER<\/figcaption>\n\t\t\t\t\t\t\t\t\t\t<\/figure>\n\t\t\t\t\t\t\t\t\t<\/div>\n\t\t\t\t<div class=\"elementor-element elementor-element-d96bfd3 elementor-widget__width-initial elementor-widget elementor-widget-image\" data-id=\"d96bfd3\" data-element_type=\"widget\" data-e-type=\"widget\" data-widget_type=\"image.default\">\n\t\t\t\t\t\t\t\t\t\t\t\t<figure class=\"wp-caption\">\n\t\t\t\t\t\t\t\t\t\t\t<a href=\"https:\/\/polaganje-kamna-keramike.si\/de\/lesene-in-moderne-talne-obloge\/\">\n\t\t\t\t\t\t\t<img loading=\"lazy\" decoding=\"async\" width=\"384\" height=\"512\" src=\"https:\/\/polaganje-kamna-keramike.si\/wp-content\/uploads\/2025\/12\/1000003815.jpg\" class=\"attachment-large size-large wp-image-901\" alt=\"\" srcset=\"https:\/\/polaganje-kamna-keramike.si\/wp-content\/uploads\/2025\/12\/1000003815.jpg 384w, https:\/\/polaganje-kamna-keramike.si\/wp-content\/uploads\/2025\/12\/1000003815-225x300.jpg 225w\" sizes=\"(max-width: 384px) 100vw, 384px\" \/>\t\t\t\t\t\t\t\t<\/a>\n\t\t\t\t\t\t\t\t\t\t\t<figcaption class=\"widget-image-caption wp-caption-text\">VERLEGUNG VON LAMINAT<\/figcaption>\n\t\t\t\t\t\t\t\t\t\t<\/figure>\n\t\t\t\t\t\t\t\t\t<\/div>\n\t\t\t\t<\/div>\n\t\t\t\t\t<\/div>\n\t\t\t\t<\/div>\n\t\t\t\t<\/div>","protected":false},"excerpt":{"rendered":"<p>POLAGANJE KAMNA POLAGANJE KERAMIKE POLAGANJE TLAKOVCEV BELJENJE IN IZRAVNAVA STEN ADAPTACIJA STANOVANJ DELO Z MINIBAGROM POLAGANJE LAMINATA<\/p>","protected":false},"author":1,"featured_media":0,"parent":0,"menu_order":0,"comment_status":"closed","ping_status":"closed","template":"","meta":{"site-sidebar-layout":"default","site-content-layout":"","ast-site-content-layout":"default","site-content-style":"default","site-sidebar-style":"default","ast-global-header-display":"","ast-banner-title-visibility":"","ast-main-header-display":"","ast-hfb-above-header-display":"","ast-hfb-below-header-display":"","ast-hfb-mobile-header-display":"","site-post-title":"","ast-breadcrumbs-content":"","ast-featured-img":"","footer-sml-layout":"","ast-disable-related-posts":"","theme-transparent-header-meta":"","adv-header-id-meta":"","stick-header-meta":"","header-above-stick-meta":"","header-main-stick-meta":"","header-below-stick-meta":"","astra-migrate-meta-layouts":"default","ast-page-background-enabled":"default","ast-page-background-meta":{"desktop":{"background-color":"var(--ast-global-color-5)","background-image":"","background-repeat":"repeat","background-position":"center center","background-size":"auto","background-attachment":"scroll","background-type":"","background-media":"","overlay-type":"","overlay-color":"","overlay-opacity":"","overlay-gradient":""},"tablet":{"background-color":"","background-image":"","background-repeat":"repeat","background-position":"center center","background-size":"auto","background-attachment":"scroll","background-type":"","background-media":"","overlay-type":"","overlay-color":"","overlay-opacity":"","overlay-gradient":""},"mobile":{"background-color":"","background-image":"","background-repeat":"repeat","background-position":"center center","background-size":"auto","background-attachment":"scroll","background-type":"","background-media":"","overlay-type":"","overlay-color":"","overlay-opacity":"","overlay-gradient":""}},"ast-content-background-meta":{"desktop":{"background-color":"var(--ast-global-color-4)","background-image":"","background-repeat":"repeat","background-position":"center center","background-size":"auto","background-attachment":"scroll","background-type":"","background-media":"","overlay-type":"","overlay-color":"","overlay-opacity":"","overlay-gradient":""},"tablet":{"background-color":"var(--ast-global-color-4)","background-image":"","background-repeat":"repeat","background-position":"center center","background-size":"auto","background-attachment":"scroll","background-type":"","background-media":"","overlay-type":"","overlay-color":"","overlay-opacity":"","overlay-gradient":""},"mobile":{"background-color":"var(--ast-global-color-4)","background-image":"","background-repeat":"repeat","background-position":"center center","background-size":"auto","background-attachment":"scroll","background-type":"","background-media":"","overlay-type":"","overlay-color":"","overlay-opacity":"","overlay-gradient":""}},"footnotes":""},"class_list":["post-234","page","type-page","status-publish","hentry"],"featured_image_src":null,"yoast_head":"<!-- This site is optimized with the Yoast SEO plugin v27.4 - https:\/\/yoast.com\/product\/yoast-seo-wordpress\/ -->\n<title>NA\u0160E STORIVE - ZAKLJU\u010cNA GRADBENA DELA<\/title>\n<meta name=\"robots\" content=\"index, follow, max-snippet:-1, max-image-preview:large, max-video-preview:-1\" \/>\n<link rel=\"canonical\" href=\"https:\/\/polaganje-kamna-keramike.si\/de\/notranje-ureditve\/\" \/>\n<meta property=\"og:locale\" content=\"de_DE\" \/>\n<meta property=\"og:type\" content=\"article\" \/>\n<meta property=\"og:title\" content=\"NA\u0160E STORIVE - ZAKLJU\u010cNA GRADBENA DELA\" \/>\n<meta property=\"og:description\" content=\"POLAGANJE KAMNA POLAGANJE KERAMIKE POLAGANJE TLAKOVCEV BELJENJE IN IZRAVNAVA STEN ADAPTACIJA STANOVANJ DELO Z MINIBAGROM POLAGANJE LAMINATA\" \/>\n<meta property=\"og:url\" content=\"https:\/\/polaganje-kamna-keramike.si\/de\/notranje-ureditve\/\" \/>\n<meta property=\"og:site_name\" content=\"ZAKLJU\u010cNA GRADBENA DELA\" \/>\n<meta property=\"article:publisher\" content=\"https:\/\/www.facebook.com\/granitomont\" \/>\n<meta property=\"article:modified_time\" content=\"2025-12-23T13:58:13+00:00\" \/>\n<meta property=\"og:image\" content=\"https:\/\/polaganje-kamna-keramike.si\/wp-content\/uploads\/2025\/12\/20230527_151828-scaled.jpg\" \/>\n\t<meta property=\"og:image:width\" content=\"2560\" \/>\n\t<meta property=\"og:image:height\" content=\"1920\" \/>\n\t<meta property=\"og:image:type\" content=\"image\/jpeg\" \/>\n<meta name=\"twitter:card\" content=\"summary_large_image\" \/>\n<meta name=\"twitter:label1\" content=\"Gesch\u00e4tzte Lesezeit\" \/>\n\t<meta name=\"twitter:data1\" content=\"2\u00a0Minuten\" \/>\n<script type=\"application\/ld+json\" class=\"yoast-schema-graph\">{\"@context\":\"https:\\\/\\\/schema.org\",\"@graph\":[{\"@type\":\"WebPage\",\"@id\":\"https:\\\/\\\/polaganje-kamna-keramike.si\\\/notranje-ureditve\\\/\",\"url\":\"https:\\\/\\\/polaganje-kamna-keramike.si\\\/notranje-ureditve\\\/\",\"name\":\"NA\u0160E STORIVE - ZAKLJU\u010cNA GRADBENA DELA\",\"isPartOf\":{\"@id\":\"https:\\\/\\\/polaganje-kamna-keramike.si\\\/#website\"},\"primaryImageOfPage\":{\"@id\":\"https:\\\/\\\/polaganje-kamna-keramike.si\\\/notranje-ureditve\\\/#primaryimage\"},\"image\":{\"@id\":\"https:\\\/\\\/polaganje-kamna-keramike.si\\\/notranje-ureditve\\\/#primaryimage\"},\"thumbnailUrl\":\"https:\\\/\\\/polaganje-kamna-keramike.si\\\/wp-content\\\/uploads\\\/2025\\\/12\\\/20230527_151828-1024x768.jpg\",\"datePublished\":\"2025-11-03T17:58:53+00:00\",\"dateModified\":\"2025-12-23T13:58:13+00:00\",\"breadcrumb\":{\"@id\":\"https:\\\/\\\/polaganje-kamna-keramike.si\\\/notranje-ureditve\\\/#breadcrumb\"},\"inLanguage\":\"de\",\"potentialAction\":[{\"@type\":\"ReadAction\",\"target\":[\"https:\\\/\\\/polaganje-kamna-keramike.si\\\/notranje-ureditve\\\/\"]}]},{\"@type\":\"ImageObject\",\"inLanguage\":\"de\",\"@id\":\"https:\\\/\\\/polaganje-kamna-keramike.si\\\/notranje-ureditve\\\/#primaryimage\",\"url\":\"https:\\\/\\\/polaganje-kamna-keramike.si\\\/wp-content\\\/uploads\\\/2025\\\/12\\\/20230527_151828-1024x768.jpg\",\"contentUrl\":\"https:\\\/\\\/polaganje-kamna-keramike.si\\\/wp-content\\\/uploads\\\/2025\\\/12\\\/20230527_151828-1024x768.jpg\"},{\"@type\":\"BreadcrumbList\",\"@id\":\"https:\\\/\\\/polaganje-kamna-keramike.si\\\/notranje-ureditve\\\/#breadcrumb\",\"itemListElement\":[{\"@type\":\"ListItem\",\"position\":1,\"name\":\"Home\",\"item\":\"https:\\\/\\\/polaganje-kamna-keramike.si\\\/\"},{\"@type\":\"ListItem\",\"position\":2,\"name\":\"NA\u0160E STORIVE\"}]},{\"@type\":\"WebSite\",\"@id\":\"https:\\\/\\\/polaganje-kamna-keramike.si\\\/#website\",\"url\":\"https:\\\/\\\/polaganje-kamna-keramike.si\\\/\",\"name\":\"ZAKLJU\u010cNA GRADBENA DELA\",\"description\":\"U\u010cINKOVITO IN NATAN\u010cNO UREDIMO VA\u0160 DOM\",\"publisher\":{\"@id\":\"https:\\\/\\\/polaganje-kamna-keramike.si\\\/#organization\"},\"potentialAction\":[{\"@type\":\"SearchAction\",\"target\":{\"@type\":\"EntryPoint\",\"urlTemplate\":\"https:\\\/\\\/polaganje-kamna-keramike.si\\\/?s={search_term_string}\"},\"query-input\":{\"@type\":\"PropertyValueSpecification\",\"valueRequired\":true,\"valueName\":\"search_term_string\"}}],\"inLanguage\":\"de\"},{\"@type\":\"Organization\",\"@id\":\"https:\\\/\\\/polaganje-kamna-keramike.si\\\/#organization\",\"name\":\"ZAKLJU\u010cNA GRADBENA DELA\",\"url\":\"https:\\\/\\\/polaganje-kamna-keramike.si\\\/\",\"logo\":{\"@type\":\"ImageObject\",\"inLanguage\":\"de\",\"@id\":\"https:\\\/\\\/polaganje-kamna-keramike.si\\\/#\\\/schema\\\/logo\\\/image\\\/\",\"url\":\"https:\\\/\\\/polaganje-kamna-keramike.si\\\/wp-content\\\/uploads\\\/2025\\\/10\\\/cropped-cropped-ChatGPT-Image-27.-okt.-2025-22_16_46-1.png\",\"contentUrl\":\"https:\\\/\\\/polaganje-kamna-keramike.si\\\/wp-content\\\/uploads\\\/2025\\\/10\\\/cropped-cropped-ChatGPT-Image-27.-okt.-2025-22_16_46-1.png\",\"width\":511,\"height\":337,\"caption\":\"ZAKLJU\u010cNA GRADBENA DELA\"},\"image\":{\"@id\":\"https:\\\/\\\/polaganje-kamna-keramike.si\\\/#\\\/schema\\\/logo\\\/image\\\/\"},\"sameAs\":[\"https:\\\/\\\/www.facebook.com\\\/granitomont\"]}]}<\/script>\n<!-- \/ Yoast SEO plugin. -->","yoast_head_json":{"title":"NA\u0160E STORIVE - ZAKLJU\u010cNA GRADBENA DELA","robots":{"index":"index","follow":"follow","max-snippet":"max-snippet:-1","max-image-preview":"max-image-preview:large","max-video-preview":"max-video-preview:-1"},"canonical":"https:\/\/polaganje-kamna-keramike.si\/de\/notranje-ureditve\/","og_locale":"de_DE","og_type":"article","og_title":"NA\u0160E STORIVE - ZAKLJU\u010cNA GRADBENA DELA","og_description":"POLAGANJE KAMNA POLAGANJE KERAMIKE POLAGANJE TLAKOVCEV BELJENJE IN IZRAVNAVA STEN ADAPTACIJA STANOVANJ DELO Z MINIBAGROM POLAGANJE LAMINATA","og_url":"https:\/\/polaganje-kamna-keramike.si\/de\/notranje-ureditve\/","og_site_name":"ZAKLJU\u010cNA GRADBENA DELA","article_publisher":"https:\/\/www.facebook.com\/granitomont","article_modified_time":"2025-12-23T13:58:13+00:00","og_image":[{"width":2560,"height":1920,"url":"https:\/\/polaganje-kamna-keramike.si\/wp-content\/uploads\/2025\/12\/20230527_151828-scaled.jpg","type":"image\/jpeg"}],"twitter_card":"summary_large_image","twitter_misc":{"Gesch\u00e4tzte Lesezeit":"2\u00a0Minuten"},"schema":{"@context":"https:\/\/schema.org","@graph":[{"@type":"WebPage","@id":"https:\/\/polaganje-kamna-keramike.si\/notranje-ureditve\/","url":"https:\/\/polaganje-kamna-keramike.si\/notranje-ureditve\/","name":"NA\u0160E STORIVE - ZAKLJU\u010cNA GRADBENA DELA","isPartOf":{"@id":"https:\/\/polaganje-kamna-keramike.si\/#website"},"primaryImageOfPage":{"@id":"https:\/\/polaganje-kamna-keramike.si\/notranje-ureditve\/#primaryimage"},"image":{"@id":"https:\/\/polaganje-kamna-keramike.si\/notranje-ureditve\/#primaryimage"},"thumbnailUrl":"https:\/\/polaganje-kamna-keramike.si\/wp-content\/uploads\/2025\/12\/20230527_151828-1024x768.jpg","datePublished":"2025-11-03T17:58:53+00:00","dateModified":"2025-12-23T13:58:13+00:00","breadcrumb":{"@id":"https:\/\/polaganje-kamna-keramike.si\/notranje-ureditve\/#breadcrumb"},"inLanguage":"de","potentialAction":[{"@type":"ReadAction","target":["https:\/\/polaganje-kamna-keramike.si\/notranje-ureditve\/"]}]},{"@type":"ImageObject","inLanguage":"de","@id":"https:\/\/polaganje-kamna-keramike.si\/notranje-ureditve\/#primaryimage","url":"https:\/\/polaganje-kamna-keramike.si\/wp-content\/uploads\/2025\/12\/20230527_151828-1024x768.jpg","contentUrl":"https:\/\/polaganje-kamna-keramike.si\/wp-content\/uploads\/2025\/12\/20230527_151828-1024x768.jpg"},{"@type":"BreadcrumbList","@id":"https:\/\/polaganje-kamna-keramike.si\/notranje-ureditve\/#breadcrumb","itemListElement":[{"@type":"ListItem","position":1,"name":"Home","item":"https:\/\/polaganje-kamna-keramike.si\/"},{"@type":"ListItem","position":2,"name":"NA\u0160E STORIVE"}]},{"@type":"WebSite","@id":"https:\/\/polaganje-kamna-keramike.si\/#website","url":"https:\/\/polaganje-kamna-keramike.si\/","name":"ABSCHLIESSENDE BAUARBEITEN","description":"WIR GESTALTEN IHR ZUHAUSE EFFIZIENT UND PR\u00c4ZISE","publisher":{"@id":"https:\/\/polaganje-kamna-keramike.si\/#organization"},"potentialAction":[{"@type":"SearchAction","target":{"@type":"EntryPoint","urlTemplate":"https:\/\/polaganje-kamna-keramike.si\/?s={search_term_string}"},"query-input":{"@type":"PropertyValueSpecification","valueRequired":true,"valueName":"search_term_string"}}],"inLanguage":"de"},{"@type":"Organization","@id":"https:\/\/polaganje-kamna-keramike.si\/#organization","name":"ABSCHLIESSENDE BAUARBEITEN","url":"https:\/\/polaganje-kamna-keramike.si\/","logo":{"@type":"ImageObject","inLanguage":"de","@id":"https:\/\/polaganje-kamna-keramike.si\/#\/schema\/logo\/image\/","url":"https:\/\/polaganje-kamna-keramike.si\/wp-content\/uploads\/2025\/10\/cropped-cropped-ChatGPT-Image-27.-okt.-2025-22_16_46-1.png","contentUrl":"https:\/\/polaganje-kamna-keramike.si\/wp-content\/uploads\/2025\/10\/cropped-cropped-ChatGPT-Image-27.-okt.-2025-22_16_46-1.png","width":511,"height":337,"caption":"ZAKLJU\u010cNA GRADBENA DELA"},"image":{"@id":"https:\/\/polaganje-kamna-keramike.si\/#\/schema\/logo\/image\/"},"sameAs":["https:\/\/www.facebook.com\/granitomont"]}]}},"_links":{"self":[{"href":"https:\/\/polaganje-kamna-keramike.si\/de\/wp-json\/wp\/v2\/pages\/234","targetHints":{"allow":["GET"]}}],"collection":[{"href":"https:\/\/polaganje-kamna-keramike.si\/de\/wp-json\/wp\/v2\/pages"}],"about":[{"href":"https:\/\/polaganje-kamna-keramike.si\/de\/wp-json\/wp\/v2\/types\/page"}],"author":[{"embeddable":true,"href":"https:\/\/polaganje-kamna-keramike.si\/de\/wp-json\/wp\/v2\/users\/1"}],"replies":[{"embeddable":true,"href":"https:\/\/polaganje-kamna-keramike.si\/de\/wp-json\/wp\/v2\/comments?post=234"}],"version-history":[{"count":0,"href":"https:\/\/polaganje-kamna-keramike.si\/de\/wp-json\/wp\/v2\/pages\/234\/revisions"}],"wp:attachment":[{"href":"https:\/\/polaganje-kamna-keramike.si\/de\/wp-json\/wp\/v2\/media?parent=234"}],"curies":[{"name":"wp","href":"https:\/\/api.w.org\/{rel}","templated":true}]}}