{"id":374,"date":"2025-11-06T22:44:30","date_gmt":"2025-11-06T22:44:30","guid":{"rendered":"https:\/\/polaganje-kamna-keramike.si\/?page_id=374"},"modified":"2025-12-16T19:16:43","modified_gmt":"2025-12-16T19:16:43","slug":"polaganje-keramike","status":"publish","type":"page","link":"https:\/\/polaganje-kamna-keramike.si\/de\/polaganje-keramike\/","title":{"rendered":"VERLEGUNG VON PFLASTERSTEINEN"},"content":{"rendered":"<div data-elementor-type=\"wp-page\" data-elementor-id=\"374\" class=\"elementor elementor-374\">\n\t\t\t\t<div class=\"elementor-element elementor-element-9072dec e-con-full e-flex e-con e-parent\" data-id=\"9072dec\" data-element_type=\"container\" data-e-type=\"container\">\n\t\t\t\t<div class=\"elementor-element elementor-element-79aabb0 elementor-widget__width-initial elementor-widget elementor-widget-image\" data-id=\"79aabb0\" data-element_type=\"widget\" data-e-type=\"widget\" data-widget_type=\"image.default\">\n\t\t\t\t\t\t\t\t\t\t\t\t<figure class=\"wp-caption\">\n\t\t\t\t\t\t\t\t\t\t<img decoding=\"async\" src=\"https:\/\/polaganje-kamna-keramike.si\/wp-content\/uploads\/elementor\/thumbs\/1-1-scaled-rf3fv68ievbl5gd1x7sict647y7shpdj2kv1j7w0r4.jpg\" title=\"1\" alt=\"1\" loading=\"lazy\" \/>\t\t\t\t\t\t\t\t\t\t\t<figcaption class=\"widget-image-caption wp-caption-text\"><\/figcaption>\n\t\t\t\t\t\t\t\t\t\t<\/figure>\n\t\t\t\t\t\t\t\t\t<\/div>\n\t\t\t\t<div class=\"elementor-element elementor-element-78ad5a10 elementor-widget elementor-widget-text-editor\" data-id=\"78ad5a10\" data-element_type=\"widget\" data-e-type=\"widget\" data-widget_type=\"text-editor.default\">\n\t\t\t\t\t\t\t\t\t<h2><span style=\"color: #800000;\">VERLEGUNG VON PFLASTERSTEINEN UND GESTALTUNG DER AUSSENANLAGEN<\/span><\/h2><div><strong><span style=\"color: #800000;\">Wir f\u00fchren Pflasterarbeiten durch f\u00fcr:<\/span><\/strong><\/div><ul><li><strong>H\u00f6fe<\/strong><\/li><li><strong>Wege\u00a0<\/strong><\/li><li><strong>Zufahrten\u00a0\u00a0<\/strong><\/li><li><strong>Terrassen\u00a0<\/strong><\/li><li><strong>Parkpl\u00e4tze\u00a0<\/strong><\/li><li><strong>und andere Au\u00dfenfl\u00e4chen<\/strong>.\u00a0<\/li><\/ul><div>\u00a0<\/div><p><strong><span style=\"color: #800000;\">Wir verlegen alle Arten von Pflastersteinen:<\/span><\/strong><\/p><ul><li><strong style=\"font-size: 16px;\">klassische Pflastersteine<\/strong><\/li><li><strong>dekorative Pflastersteine<\/strong><\/li><li><strong>Granitw\u00fcrfel\u00a0<\/strong><\/li><li><strong>Betonplatten<\/strong><\/li><li><strong>Bordsteine<\/strong><\/li><\/ul><p><strong style=\"font-size: 16px;\"><span style=\"color: #800000;\">Die Pflastersteine werden verlegt auf:<\/span><\/strong><\/p><ul><li><strong style=\"font-size: 16px;\">Sand<\/strong><\/li><li><strong>Beton\u00a0<\/strong><\/li><li><strong>Untergestelle \/ Podeste\u00a0<\/strong><\/li><\/ul><div><b>\u00a0<\/b><\/div><h4>\u00a0<\/h4><h4><span style=\"color: #800000;\">Wir k\u00fcmmern uns um Aushub, Vorbereitung des Untergrundes, Gef\u00e4lle, Drainage und fachgerechte Verlegung einschlie\u00dflich der Entw\u00e4sserung.\nZudem bieten wir Sanierung und Abtransport alter Pflastersteine an.\u00a0<\/span><\/h4><p><!-- \/wp:paragraph --><\/p>\t\t\t\t\t\t\t\t<\/div>\n\t\t\t\t<\/div>\n\t\t<div class=\"elementor-element elementor-element-46f3c48 e-con-full e-flex e-con e-parent\" data-id=\"46f3c48\" data-element_type=\"container\" data-e-type=\"container\">\n\t\t<div class=\"elementor-element elementor-element-19acff1 e-con-full e-flex e-con e-child\" data-id=\"19acff1\" data-element_type=\"container\" data-e-type=\"container\">\n\t\t\t\t<div class=\"elementor-element elementor-element-936db9a elementor-widget__width-initial elementor-widget-tablet__width-initial elementor-widget elementor-widget-image\" data-id=\"936db9a\" data-element_type=\"widget\" data-e-type=\"widget\" data-widget_type=\"image.default\">\n\t\t\t\t\t\t\t\t\t\t\t\t<figure class=\"wp-caption\">\n\t\t\t\t\t\t\t\t\t\t<img fetchpriority=\"high\" decoding=\"async\" width=\"1024\" height=\"768\" src=\"https:\/\/polaganje-kamna-keramike.si\/wp-content\/uploads\/2025\/11\/20200724_142750-1-1024x768.jpg\" class=\"elementor-animation-wobble-horizontal attachment-large size-large wp-image-588\" alt=\"\" srcset=\"https:\/\/polaganje-kamna-keramike.si\/wp-content\/uploads\/2025\/11\/20200724_142750-1-1024x768.jpg 1024w, https:\/\/polaganje-kamna-keramike.si\/wp-content\/uploads\/2025\/11\/20200724_142750-1-300x225.jpg 300w, https:\/\/polaganje-kamna-keramike.si\/wp-content\/uploads\/2025\/11\/20200724_142750-1-768x576.jpg 768w, https:\/\/polaganje-kamna-keramike.si\/wp-content\/uploads\/2025\/11\/20200724_142750-1-1536x1152.jpg 1536w, https:\/\/polaganje-kamna-keramike.si\/wp-content\/uploads\/2025\/11\/20200724_142750-1-2048x1536.jpg 2048w\" sizes=\"(max-width: 1024px) 100vw, 1024px\" \/>\t\t\t\t\t\t\t\t\t\t\t<figcaption class=\"widget-image-caption wp-caption-text\">DEKORATIVE PFLASTERSTEIN<\/figcaption>\n\t\t\t\t\t\t\t\t\t\t<\/figure>\n\t\t\t\t\t\t\t\t\t<\/div>\n\t\t\t\t<div class=\"elementor-element elementor-element-5059fa2 elementor-widget__width-initial elementor-widget-tablet__width-initial elementor-widget elementor-widget-image\" data-id=\"5059fa2\" data-element_type=\"widget\" data-e-type=\"widget\" data-widget_type=\"image.default\">\n\t\t\t\t\t\t\t\t\t\t\t\t<figure class=\"wp-caption\">\n\t\t\t\t\t\t\t\t\t\t<img decoding=\"async\" width=\"1024\" height=\"768\" src=\"https:\/\/polaganje-kamna-keramike.si\/wp-content\/uploads\/2025\/11\/20200311_122128-1-1-1024x768.jpg\" class=\"attachment-large size-large wp-image-590\" alt=\"\" srcset=\"https:\/\/polaganje-kamna-keramike.si\/wp-content\/uploads\/2025\/11\/20200311_122128-1-1-1024x768.jpg 1024w, https:\/\/polaganje-kamna-keramike.si\/wp-content\/uploads\/2025\/11\/20200311_122128-1-1-300x225.jpg 300w, https:\/\/polaganje-kamna-keramike.si\/wp-content\/uploads\/2025\/11\/20200311_122128-1-1-768x576.jpg 768w, https:\/\/polaganje-kamna-keramike.si\/wp-content\/uploads\/2025\/11\/20200311_122128-1-1-1536x1152.jpg 1536w, https:\/\/polaganje-kamna-keramike.si\/wp-content\/uploads\/2025\/11\/20200311_122128-1-1-2048x1536.jpg 2048w\" sizes=\"(max-width: 1024px) 100vw, 1024px\" \/>\t\t\t\t\t\t\t\t\t\t\t<figcaption class=\"widget-image-caption wp-caption-text\">VERLEGUNG VON GRANITW\u00dcRFELN<\/figcaption>\n\t\t\t\t\t\t\t\t\t\t<\/figure>\n\t\t\t\t\t\t\t\t\t<\/div>\n\t\t\t\t<\/div>\n\t\t<div class=\"elementor-element elementor-element-c7b82d3 e-con-full e-flex e-con e-child\" data-id=\"c7b82d3\" data-element_type=\"container\" data-e-type=\"container\">\n\t\t\t\t<div class=\"elementor-element elementor-element-268e863 elementor-widget__width-initial elementor-widget elementor-widget-image\" data-id=\"268e863\" data-element_type=\"widget\" data-e-type=\"widget\" data-widget_type=\"image.default\">\n\t\t\t\t\t\t\t\t\t\t\t\t<figure class=\"wp-caption\">\n\t\t\t\t\t\t\t\t\t\t<img decoding=\"async\" width=\"1024\" height=\"768\" src=\"https:\/\/polaganje-kamna-keramike.si\/wp-content\/uploads\/2025\/11\/20230429_093449-1024x768.jpg\" class=\"attachment-large size-large wp-image-578\" alt=\"klasi\u010dni tlakovci\" srcset=\"https:\/\/polaganje-kamna-keramike.si\/wp-content\/uploads\/2025\/11\/20230429_093449-1024x768.jpg 1024w, https:\/\/polaganje-kamna-keramike.si\/wp-content\/uploads\/2025\/11\/20230429_093449-300x225.jpg 300w, https:\/\/polaganje-kamna-keramike.si\/wp-content\/uploads\/2025\/11\/20230429_093449-768x576.jpg 768w, https:\/\/polaganje-kamna-keramike.si\/wp-content\/uploads\/2025\/11\/20230429_093449-1536x1152.jpg 1536w, https:\/\/polaganje-kamna-keramike.si\/wp-content\/uploads\/2025\/11\/20230429_093449-2048x1536.jpg 2048w\" sizes=\"(max-width: 1024px) 100vw, 1024px\" \/>\t\t\t\t\t\t\t\t\t\t\t<figcaption class=\"widget-image-caption wp-caption-text\">KLASSISCHE PFLASTERSTEINE <\/figcaption>\n\t\t\t\t\t\t\t\t\t\t<\/figure>\n\t\t\t\t\t\t\t\t\t<\/div>\n\t\t\t\t<div class=\"elementor-element elementor-element-a98c426 elementor-widget__width-initial elementor-widget-tablet__width-initial elementor-widget elementor-widget-image\" data-id=\"a98c426\" data-element_type=\"widget\" data-e-type=\"widget\" data-widget_type=\"image.default\">\n\t\t\t\t\t\t\t\t\t\t\t\t<figure class=\"wp-caption\">\n\t\t\t\t\t\t\t\t\t\t<img loading=\"lazy\" decoding=\"async\" width=\"1024\" height=\"768\" src=\"https:\/\/polaganje-kamna-keramike.si\/wp-content\/uploads\/2025\/11\/20210920_123432-1024x768.jpg\" class=\"attachment-large size-large wp-image-593\" alt=\"\" srcset=\"https:\/\/polaganje-kamna-keramike.si\/wp-content\/uploads\/2025\/11\/20210920_123432-1024x768.jpg 1024w, https:\/\/polaganje-kamna-keramike.si\/wp-content\/uploads\/2025\/11\/20210920_123432-300x225.jpg 300w, https:\/\/polaganje-kamna-keramike.si\/wp-content\/uploads\/2025\/11\/20210920_123432-768x576.jpg 768w, https:\/\/polaganje-kamna-keramike.si\/wp-content\/uploads\/2025\/11\/20210920_123432-1536x1152.jpg 1536w, https:\/\/polaganje-kamna-keramike.si\/wp-content\/uploads\/2025\/11\/20210920_123432-2048x1536.jpg 2048w\" sizes=\"(max-width: 1024px) 100vw, 1024px\" \/>\t\t\t\t\t\t\t\t\t\t\t<figcaption class=\"widget-image-caption wp-caption-text\">VERLEGUNG VON BETONPLATTEN<\/figcaption>\n\t\t\t\t\t\t\t\t\t\t<\/figure>\n\t\t\t\t\t\t\t\t\t<\/div>\n\t\t\t\t<\/div>\n\t\t\t\t<div class=\"elementor-element elementor-element-ddd5a0a elementor-widget__width-initial elementor-widget-tablet__width-initial elementor-widget elementor-widget-image\" data-id=\"ddd5a0a\" data-element_type=\"widget\" data-e-type=\"widget\" data-widget_type=\"image.default\">\n\t\t\t\t\t\t\t\t\t\t\t\t<figure class=\"wp-caption\">\n\t\t\t\t\t\t\t\t\t\t<img loading=\"lazy\" decoding=\"async\" width=\"1024\" height=\"577\" src=\"https:\/\/polaganje-kamna-keramike.si\/wp-content\/uploads\/2025\/11\/20240731_073703-1024x577.jpg\" class=\"attachment-large size-large wp-image-582\" alt=\"PRIPRAVA PODLAGE\" srcset=\"https:\/\/polaganje-kamna-keramike.si\/wp-content\/uploads\/2025\/11\/20240731_073703-1024x577.jpg 1024w, https:\/\/polaganje-kamna-keramike.si\/wp-content\/uploads\/2025\/11\/20240731_073703-300x169.jpg 300w, https:\/\/polaganje-kamna-keramike.si\/wp-content\/uploads\/2025\/11\/20240731_073703-768x432.jpg 768w, https:\/\/polaganje-kamna-keramike.si\/wp-content\/uploads\/2025\/11\/20240731_073703-1536x865.jpg 1536w, https:\/\/polaganje-kamna-keramike.si\/wp-content\/uploads\/2025\/11\/20240731_073703-2048x1153.jpg 2048w\" sizes=\"(max-width: 1024px) 100vw, 1024px\" \/>\t\t\t\t\t\t\t\t\t\t\t<figcaption class=\"widget-image-caption wp-caption-text\">VORBEREITUNG DES UNTERGRUNDES<\/figcaption>\n\t\t\t\t\t\t\t\t\t\t<\/figure>\n\t\t\t\t\t\t\t\t\t<\/div>\n\t\t<div class=\"elementor-element elementor-element-1a2c3fd e-con-full e-flex e-con e-child\" data-id=\"1a2c3fd\" data-element_type=\"container\" data-e-type=\"container\">\n\t\t\t\t<div class=\"elementor-element elementor-element-7e9ad9b elementor-widget__width-initial elementor-widget elementor-widget-image\" data-id=\"7e9ad9b\" data-element_type=\"widget\" data-e-type=\"widget\" data-widget_type=\"image.default\">\n\t\t\t\t\t\t\t\t\t\t\t\t<figure class=\"wp-caption\">\n\t\t\t\t\t\t\t\t\t\t<img loading=\"lazy\" decoding=\"async\" width=\"1024\" height=\"768\" src=\"https:\/\/polaganje-kamna-keramike.si\/wp-content\/uploads\/2025\/11\/SANACIJA-1-1024x768.jpg\" class=\"attachment-large size-large wp-image-585\" alt=\"\" srcset=\"https:\/\/polaganje-kamna-keramike.si\/wp-content\/uploads\/2025\/11\/SANACIJA-1-1024x768.jpg 1024w, https:\/\/polaganje-kamna-keramike.si\/wp-content\/uploads\/2025\/11\/SANACIJA-1-300x225.jpg 300w, https:\/\/polaganje-kamna-keramike.si\/wp-content\/uploads\/2025\/11\/SANACIJA-1-768x576.jpg 768w, https:\/\/polaganje-kamna-keramike.si\/wp-content\/uploads\/2025\/11\/SANACIJA-1-1536x1152.jpg 1536w, https:\/\/polaganje-kamna-keramike.si\/wp-content\/uploads\/2025\/11\/SANACIJA-1-2048x1536.jpg 2048w\" sizes=\"(max-width: 1024px) 100vw, 1024px\" \/>\t\t\t\t\t\t\t\t\t\t\t<figcaption class=\"widget-image-caption wp-caption-text\">SANIERUNG VON PFLASTERSTEINEN<\/figcaption>\n\t\t\t\t\t\t\t\t\t\t<\/figure>\n\t\t\t\t\t\t\t\t\t<\/div>\n\t\t\t\t<\/div>\n\t\t\t\t<div class=\"elementor-element elementor-element-4fe64cf elementor-widget__width-initial elementor-widget elementor-widget-image\" data-id=\"4fe64cf\" data-element_type=\"widget\" data-e-type=\"widget\" data-widget_type=\"image.default\">\n\t\t\t\t\t\t\t\t\t\t\t\t<figure class=\"wp-caption\">\n\t\t\t\t\t\t\t\t\t\t<img loading=\"lazy\" decoding=\"async\" width=\"768\" height=\"1024\" src=\"https:\/\/polaganje-kamna-keramike.si\/wp-content\/uploads\/2025\/12\/20230315_163503-768x1024.jpg\" class=\"attachment-large size-large wp-image-882\" alt=\"\" srcset=\"https:\/\/polaganje-kamna-keramike.si\/wp-content\/uploads\/2025\/12\/20230315_163503-768x1024.jpg 768w, https:\/\/polaganje-kamna-keramike.si\/wp-content\/uploads\/2025\/12\/20230315_163503-225x300.jpg 225w, https:\/\/polaganje-kamna-keramike.si\/wp-content\/uploads\/2025\/12\/20230315_163503-1152x1536.jpg 1152w, https:\/\/polaganje-kamna-keramike.si\/wp-content\/uploads\/2025\/12\/20230315_163503-1536x2048.jpg 1536w, https:\/\/polaganje-kamna-keramike.si\/wp-content\/uploads\/2025\/12\/20230315_163503-scaled.jpg 1920w\" sizes=\"(max-width: 768px) 100vw, 768px\" \/>\t\t\t\t\t\t\t\t\t\t\t<figcaption class=\"widget-image-caption wp-caption-text\">SETZEN VON BORDSTEINEN<\/figcaption>\n\t\t\t\t\t\t\t\t\t\t<\/figure>\n\t\t\t\t\t\t\t\t\t<\/div>\n\t\t\t\t<\/div>\n\t\t\t\t<\/div>","protected":false},"excerpt":{"rendered":"<p>POLAGANJE TLAKOVCEV IN UREJANJE OKOLICE Izvajamo tlakovanje: dvori\u0161\u010da, poti,\u00a0 dovozov,\u00a0\u00a0 terase\u00a0 parkiri\u0161\u010da\u00a0 in druge zunanje\u00a0 povr\u0161ine.\u00a0 \u00a0 Polagamo\u00a0tlakovce vseh vrst: [&hellip;]<\/p>\n","protected":false},"author":1,"featured_media":0,"parent":0,"menu_order":0,"comment_status":"closed","ping_status":"closed","template":"","meta":{"site-sidebar-layout":"no-sidebar","site-content-layout":"","ast-site-content-layout":"full-width-container","site-content-style":"default","site-sidebar-style":"default","ast-global-header-display":"","ast-banner-title-visibility":"","ast-main-header-display":"","ast-hfb-above-header-display":"","ast-hfb-below-header-display":"","ast-hfb-mobile-header-display":"","site-post-title":"","ast-breadcrumbs-content":"","ast-featured-img":"disabled","footer-sml-layout":"","ast-disable-related-posts":"","theme-transparent-header-meta":"","adv-header-id-meta":"","stick-header-meta":"","header-above-stick-meta":"","header-main-stick-meta":"","header-below-stick-meta":"","astra-migrate-meta-layouts":"default","ast-page-background-enabled":"default","ast-page-background-meta":{"desktop":{"background-color":"var(--ast-global-color-5)","background-image":"","background-repeat":"repeat","background-position":"center center","background-size":"auto","background-attachment":"scroll","background-type":"","background-media":"","overlay-type":"","overlay-color":"","overlay-opacity":"","overlay-gradient":""},"tablet":{"background-color":"","background-image":"","background-repeat":"repeat","background-position":"center center","background-size":"auto","background-attachment":"scroll","background-type":"","background-media":"","overlay-type":"","overlay-color":"","overlay-opacity":"","overlay-gradient":""},"mobile":{"background-color":"","background-image":"","background-repeat":"repeat","background-position":"center center","background-size":"auto","background-attachment":"scroll","background-type":"","background-media":"","overlay-type":"","overlay-color":"","overlay-opacity":"","overlay-gradient":""}},"ast-content-background-meta":{"desktop":{"background-color":"var(--ast-global-color-4)","background-image":"","background-repeat":"repeat","background-position":"center center","background-size":"auto","background-attachment":"scroll","background-type":"","background-media":"","overlay-type":"","overlay-color":"","overlay-opacity":"","overlay-gradient":""},"tablet":{"background-color":"var(--ast-global-color-4)","background-image":"","background-repeat":"repeat","background-position":"center center","background-size":"auto","background-attachment":"scroll","background-type":"","background-media":"","overlay-type":"","overlay-color":"","overlay-opacity":"","overlay-gradient":""},"mobile":{"background-color":"var(--ast-global-color-4)","background-image":"","background-repeat":"repeat","background-position":"center center","background-size":"auto","background-attachment":"scroll","background-type":"","background-media":"","overlay-type":"","overlay-color":"","overlay-opacity":"","overlay-gradient":""}},"footnotes":""},"class_list":["post-374","page","type-page","status-publish","hentry"],"featured_image_src":null,"yoast_head":"<!-- This site is optimized with the Yoast SEO plugin v27.4 - https:\/\/yoast.com\/product\/yoast-seo-wordpress\/ -->\n<title>POLAGANJE TLAKOVCEV - ZAKLJU\u010cNA GRADBENA DELA<\/title>\n<meta name=\"robots\" content=\"index, follow, max-snippet:-1, max-image-preview:large, max-video-preview:-1\" \/>\n<link rel=\"canonical\" href=\"https:\/\/polaganje-kamna-keramike.si\/de\/polaganje-keramike\/\" \/>\n<meta property=\"og:locale\" content=\"de_DE\" \/>\n<meta property=\"og:type\" content=\"article\" \/>\n<meta property=\"og:title\" content=\"POLAGANJE TLAKOVCEV - ZAKLJU\u010cNA GRADBENA DELA\" \/>\n<meta property=\"og:description\" content=\"POLAGANJE TLAKOVCEV IN UREJANJE OKOLICE Izvajamo tlakovanje: dvori\u0161\u010da, poti,\u00a0 dovozov,\u00a0\u00a0 terase\u00a0 parkiri\u0161\u010da\u00a0 in druge zunanje\u00a0 povr\u0161ine.\u00a0 \u00a0 Polagamo\u00a0tlakovce vseh vrst: [&hellip;]\" \/>\n<meta property=\"og:url\" content=\"https:\/\/polaganje-kamna-keramike.si\/de\/polaganje-keramike\/\" \/>\n<meta property=\"og:site_name\" content=\"ZAKLJU\u010cNA GRADBENA DELA\" \/>\n<meta property=\"article:publisher\" content=\"https:\/\/www.facebook.com\/granitomont\" \/>\n<meta property=\"article:modified_time\" content=\"2025-12-16T19:16:43+00:00\" \/>\n<meta property=\"og:image\" content=\"https:\/\/polaganje-kamna-keramike.si\/wp-content\/uploads\/elementor\/thumbs\/1-1-scaled-rf3fv68ievbl5gd1x7sict647y7shpdj2kv1j7w0r4.jpg\" \/>\n<meta name=\"twitter:card\" content=\"summary_large_image\" \/>\n<meta name=\"twitter:label1\" content=\"Gesch\u00e4tzte Lesezeit\" \/>\n\t<meta name=\"twitter:data1\" content=\"2\u00a0Minuten\" \/>\n<script type=\"application\/ld+json\" class=\"yoast-schema-graph\">{\"@context\":\"https:\\\/\\\/schema.org\",\"@graph\":[{\"@type\":\"WebPage\",\"@id\":\"https:\\\/\\\/polaganje-kamna-keramike.si\\\/polaganje-keramike\\\/\",\"url\":\"https:\\\/\\\/polaganje-kamna-keramike.si\\\/polaganje-keramike\\\/\",\"name\":\"POLAGANJE TLAKOVCEV - ZAKLJU\u010cNA GRADBENA DELA\",\"isPartOf\":{\"@id\":\"https:\\\/\\\/polaganje-kamna-keramike.si\\\/#website\"},\"primaryImageOfPage\":{\"@id\":\"https:\\\/\\\/polaganje-kamna-keramike.si\\\/polaganje-keramike\\\/#primaryimage\"},\"image\":{\"@id\":\"https:\\\/\\\/polaganje-kamna-keramike.si\\\/polaganje-keramike\\\/#primaryimage\"},\"thumbnailUrl\":\"https:\\\/\\\/polaganje-kamna-keramike.si\\\/wp-content\\\/uploads\\\/elementor\\\/thumbs\\\/1-1-scaled-rf3fv68ievbl5gd1x7sict647y7shpdj2kv1j7w0r4.jpg\",\"datePublished\":\"2025-11-06T22:44:30+00:00\",\"dateModified\":\"2025-12-16T19:16:43+00:00\",\"breadcrumb\":{\"@id\":\"https:\\\/\\\/polaganje-kamna-keramike.si\\\/polaganje-keramike\\\/#breadcrumb\"},\"inLanguage\":\"de\",\"potentialAction\":[{\"@type\":\"ReadAction\",\"target\":[\"https:\\\/\\\/polaganje-kamna-keramike.si\\\/polaganje-keramike\\\/\"]}]},{\"@type\":\"ImageObject\",\"inLanguage\":\"de\",\"@id\":\"https:\\\/\\\/polaganje-kamna-keramike.si\\\/polaganje-keramike\\\/#primaryimage\",\"url\":\"https:\\\/\\\/polaganje-kamna-keramike.si\\\/wp-content\\\/uploads\\\/elementor\\\/thumbs\\\/1-1-scaled-rf3fv68ievbl5gd1x7sict647y7shpdj2kv1j7w0r4.jpg\",\"contentUrl\":\"https:\\\/\\\/polaganje-kamna-keramike.si\\\/wp-content\\\/uploads\\\/elementor\\\/thumbs\\\/1-1-scaled-rf3fv68ievbl5gd1x7sict647y7shpdj2kv1j7w0r4.jpg\"},{\"@type\":\"BreadcrumbList\",\"@id\":\"https:\\\/\\\/polaganje-kamna-keramike.si\\\/polaganje-keramike\\\/#breadcrumb\",\"itemListElement\":[{\"@type\":\"ListItem\",\"position\":1,\"name\":\"Home\",\"item\":\"https:\\\/\\\/polaganje-kamna-keramike.si\\\/\"},{\"@type\":\"ListItem\",\"position\":2,\"name\":\"POLAGANJE TLAKOVCEV\"}]},{\"@type\":\"WebSite\",\"@id\":\"https:\\\/\\\/polaganje-kamna-keramike.si\\\/#website\",\"url\":\"https:\\\/\\\/polaganje-kamna-keramike.si\\\/\",\"name\":\"ZAKLJU\u010cNA GRADBENA DELA\",\"description\":\"U\u010cINKOVITO IN NATAN\u010cNO UREDIMO VA\u0160 DOM\",\"publisher\":{\"@id\":\"https:\\\/\\\/polaganje-kamna-keramike.si\\\/#organization\"},\"potentialAction\":[{\"@type\":\"SearchAction\",\"target\":{\"@type\":\"EntryPoint\",\"urlTemplate\":\"https:\\\/\\\/polaganje-kamna-keramike.si\\\/?s={search_term_string}\"},\"query-input\":{\"@type\":\"PropertyValueSpecification\",\"valueRequired\":true,\"valueName\":\"search_term_string\"}}],\"inLanguage\":\"de\"},{\"@type\":\"Organization\",\"@id\":\"https:\\\/\\\/polaganje-kamna-keramike.si\\\/#organization\",\"name\":\"ZAKLJU\u010cNA GRADBENA DELA\",\"url\":\"https:\\\/\\\/polaganje-kamna-keramike.si\\\/\",\"logo\":{\"@type\":\"ImageObject\",\"inLanguage\":\"de\",\"@id\":\"https:\\\/\\\/polaganje-kamna-keramike.si\\\/#\\\/schema\\\/logo\\\/image\\\/\",\"url\":\"https:\\\/\\\/polaganje-kamna-keramike.si\\\/wp-content\\\/uploads\\\/2025\\\/10\\\/cropped-cropped-ChatGPT-Image-27.-okt.-2025-22_16_46-1.png\",\"contentUrl\":\"https:\\\/\\\/polaganje-kamna-keramike.si\\\/wp-content\\\/uploads\\\/2025\\\/10\\\/cropped-cropped-ChatGPT-Image-27.-okt.-2025-22_16_46-1.png\",\"width\":511,\"height\":337,\"caption\":\"ZAKLJU\u010cNA GRADBENA DELA\"},\"image\":{\"@id\":\"https:\\\/\\\/polaganje-kamna-keramike.si\\\/#\\\/schema\\\/logo\\\/image\\\/\"},\"sameAs\":[\"https:\\\/\\\/www.facebook.com\\\/granitomont\"]}]}<\/script>\n<!-- \/ Yoast SEO plugin. -->","yoast_head_json":{"title":"POLAGANJE TLAKOVCEV - ZAKLJU\u010cNA GRADBENA DELA","robots":{"index":"index","follow":"follow","max-snippet":"max-snippet:-1","max-image-preview":"max-image-preview:large","max-video-preview":"max-video-preview:-1"},"canonical":"https:\/\/polaganje-kamna-keramike.si\/de\/polaganje-keramike\/","og_locale":"de_DE","og_type":"article","og_title":"POLAGANJE TLAKOVCEV - ZAKLJU\u010cNA GRADBENA DELA","og_description":"POLAGANJE TLAKOVCEV IN UREJANJE OKOLICE Izvajamo tlakovanje: dvori\u0161\u010da, poti,\u00a0 dovozov,\u00a0\u00a0 terase\u00a0 parkiri\u0161\u010da\u00a0 in druge zunanje\u00a0 povr\u0161ine.\u00a0 \u00a0 Polagamo\u00a0tlakovce vseh vrst: [&hellip;]","og_url":"https:\/\/polaganje-kamna-keramike.si\/de\/polaganje-keramike\/","og_site_name":"ZAKLJU\u010cNA GRADBENA DELA","article_publisher":"https:\/\/www.facebook.com\/granitomont","article_modified_time":"2025-12-16T19:16:43+00:00","og_image":[{"url":"https:\/\/polaganje-kamna-keramike.si\/wp-content\/uploads\/elementor\/thumbs\/1-1-scaled-rf3fv68ievbl5gd1x7sict647y7shpdj2kv1j7w0r4.jpg","type":"","width":"","height":""}],"twitter_card":"summary_large_image","twitter_misc":{"Gesch\u00e4tzte Lesezeit":"2\u00a0Minuten"},"schema":{"@context":"https:\/\/schema.org","@graph":[{"@type":"WebPage","@id":"https:\/\/polaganje-kamna-keramike.si\/polaganje-keramike\/","url":"https:\/\/polaganje-kamna-keramike.si\/polaganje-keramike\/","name":"POLAGANJE TLAKOVCEV - ZAKLJU\u010cNA GRADBENA DELA","isPartOf":{"@id":"https:\/\/polaganje-kamna-keramike.si\/#website"},"primaryImageOfPage":{"@id":"https:\/\/polaganje-kamna-keramike.si\/polaganje-keramike\/#primaryimage"},"image":{"@id":"https:\/\/polaganje-kamna-keramike.si\/polaganje-keramike\/#primaryimage"},"thumbnailUrl":"https:\/\/polaganje-kamna-keramike.si\/wp-content\/uploads\/elementor\/thumbs\/1-1-scaled-rf3fv68ievbl5gd1x7sict647y7shpdj2kv1j7w0r4.jpg","datePublished":"2025-11-06T22:44:30+00:00","dateModified":"2025-12-16T19:16:43+00:00","breadcrumb":{"@id":"https:\/\/polaganje-kamna-keramike.si\/polaganje-keramike\/#breadcrumb"},"inLanguage":"de","potentialAction":[{"@type":"ReadAction","target":["https:\/\/polaganje-kamna-keramike.si\/polaganje-keramike\/"]}]},{"@type":"ImageObject","inLanguage":"de","@id":"https:\/\/polaganje-kamna-keramike.si\/polaganje-keramike\/#primaryimage","url":"https:\/\/polaganje-kamna-keramike.si\/wp-content\/uploads\/elementor\/thumbs\/1-1-scaled-rf3fv68ievbl5gd1x7sict647y7shpdj2kv1j7w0r4.jpg","contentUrl":"https:\/\/polaganje-kamna-keramike.si\/wp-content\/uploads\/elementor\/thumbs\/1-1-scaled-rf3fv68ievbl5gd1x7sict647y7shpdj2kv1j7w0r4.jpg"},{"@type":"BreadcrumbList","@id":"https:\/\/polaganje-kamna-keramike.si\/polaganje-keramike\/#breadcrumb","itemListElement":[{"@type":"ListItem","position":1,"name":"Home","item":"https:\/\/polaganje-kamna-keramike.si\/"},{"@type":"ListItem","position":2,"name":"POLAGANJE TLAKOVCEV"}]},{"@type":"WebSite","@id":"https:\/\/polaganje-kamna-keramike.si\/#website","url":"https:\/\/polaganje-kamna-keramike.si\/","name":"ABSCHLIESSENDE BAUARBEITEN","description":"WIR GESTALTEN IHR ZUHAUSE EFFIZIENT UND PR\u00c4ZISE","publisher":{"@id":"https:\/\/polaganje-kamna-keramike.si\/#organization"},"potentialAction":[{"@type":"SearchAction","target":{"@type":"EntryPoint","urlTemplate":"https:\/\/polaganje-kamna-keramike.si\/?s={search_term_string}"},"query-input":{"@type":"PropertyValueSpecification","valueRequired":true,"valueName":"search_term_string"}}],"inLanguage":"de"},{"@type":"Organization","@id":"https:\/\/polaganje-kamna-keramike.si\/#organization","name":"ABSCHLIESSENDE BAUARBEITEN","url":"https:\/\/polaganje-kamna-keramike.si\/","logo":{"@type":"ImageObject","inLanguage":"de","@id":"https:\/\/polaganje-kamna-keramike.si\/#\/schema\/logo\/image\/","url":"https:\/\/polaganje-kamna-keramike.si\/wp-content\/uploads\/2025\/10\/cropped-cropped-ChatGPT-Image-27.-okt.-2025-22_16_46-1.png","contentUrl":"https:\/\/polaganje-kamna-keramike.si\/wp-content\/uploads\/2025\/10\/cropped-cropped-ChatGPT-Image-27.-okt.-2025-22_16_46-1.png","width":511,"height":337,"caption":"ZAKLJU\u010cNA GRADBENA DELA"},"image":{"@id":"https:\/\/polaganje-kamna-keramike.si\/#\/schema\/logo\/image\/"},"sameAs":["https:\/\/www.facebook.com\/granitomont"]}]}},"_links":{"self":[{"href":"https:\/\/polaganje-kamna-keramike.si\/de\/wp-json\/wp\/v2\/pages\/374","targetHints":{"allow":["GET"]}}],"collection":[{"href":"https:\/\/polaganje-kamna-keramike.si\/de\/wp-json\/wp\/v2\/pages"}],"about":[{"href":"https:\/\/polaganje-kamna-keramike.si\/de\/wp-json\/wp\/v2\/types\/page"}],"author":[{"embeddable":true,"href":"https:\/\/polaganje-kamna-keramike.si\/de\/wp-json\/wp\/v2\/users\/1"}],"replies":[{"embeddable":true,"href":"https:\/\/polaganje-kamna-keramike.si\/de\/wp-json\/wp\/v2\/comments?post=374"}],"version-history":[{"count":0,"href":"https:\/\/polaganje-kamna-keramike.si\/de\/wp-json\/wp\/v2\/pages\/374\/revisions"}],"wp:attachment":[{"href":"https:\/\/polaganje-kamna-keramike.si\/de\/wp-json\/wp\/v2\/media?parent=374"}],"curies":[{"name":"wp","href":"https:\/\/api.w.org\/{rel}","templated":true}]}}