{"id":453,"date":"2025-11-10T22:03:21","date_gmt":"2025-11-10T22:03:21","guid":{"rendered":"https:\/\/polaganje-kamna-keramike.si\/?page_id=453"},"modified":"2025-11-17T20:49:52","modified_gmt":"2025-11-17T20:49:52","slug":"storitve-2","status":"publish","type":"page","link":"https:\/\/polaganje-kamna-keramike.si\/de\/storitve-2\/","title":{"rendered":"VERLEGUNG VON FLIESEN"},"content":{"rendered":"<div data-elementor-type=\"wp-page\" data-elementor-id=\"453\" class=\"elementor elementor-453\">\n\t\t\t\t<div class=\"elementor-element elementor-element-fd7943c e-flex e-con-boxed e-con e-parent\" data-id=\"fd7943c\" data-element_type=\"container\" data-e-type=\"container\">\n\t\t\t\t\t<div class=\"e-con-inner\">\n\t\t<div class=\"elementor-element elementor-element-4106b4d e-con-full e-flex e-con e-child\" data-id=\"4106b4d\" data-element_type=\"container\" data-e-type=\"container\">\n\t\t\t\t<div class=\"elementor-element elementor-element-2db118d elementor-widget elementor-widget-text-editor\" data-id=\"2db118d\" data-element_type=\"widget\" data-e-type=\"widget\" data-widget_type=\"text-editor.default\">\n\t\t\t\t\t\t\t\t\t<p>Wir verlegen alle Arten von Keramik, einschlie\u00dflich:<\/p>\n<p>Wir f\u00fchren Verkleidungen und Bel\u00e4ge aus f\u00fcr: Treppen, W\u00e4nde, B\u00f6den, Terrassen, Balkone, Schwimmb\u00e4der, Badezimmer, und andere Fl\u00e4chen nach Kundenwunsch<\/p>\n<p>Vor der Verlegung sorgen wir f\u00fcr die fachgerechte Vorbereitung des Untergrunds, tragen den Fliesenkleber auf und verlegen die Fliesen pr\u00e4zise mit gleichm\u00e4\u00dfigen Fugen.\nZudem f\u00fchren wir Verfugung, Silikonierung von Eck- und Dehnfugen, Reinigung und Oberfl\u00e4chenschutz durch.<\/p>\n<p>Die Arbeiten werden fachm\u00e4nnisch, pr\u00e4zise und termingerecht ausgef\u00fchrt.<\/p>\t\t\t\t\t\t\t\t<\/div>\n\t\t\t\t<\/div>\n\t\t\t\t\t<\/div>\n\t\t\t\t<\/div>\n\t\t<div class=\"elementor-element elementor-element-0d59dfc e-flex e-con-boxed e-con e-parent\" data-id=\"0d59dfc\" data-element_type=\"container\" data-e-type=\"container\">\n\t\t\t\t\t<div class=\"e-con-inner\">\n\t\t<div class=\"elementor-element elementor-element-7d42137 e-con-full e-flex e-con e-child\" data-id=\"7d42137\" data-element_type=\"container\" data-e-type=\"container\">\n\t\t\t\t<div class=\"elementor-element elementor-element-413bf68 elementor-widget__width-initial elementor-widget elementor-widget-image\" data-id=\"413bf68\" data-element_type=\"widget\" data-e-type=\"widget\" data-widget_type=\"image.default\">\n\t\t\t\t\t\t\t\t\t\t\t\t<figure class=\"wp-caption\">\n\t\t\t\t\t\t\t\t\t\t<img fetchpriority=\"high\" decoding=\"async\" width=\"1920\" height=\"2560\" src=\"https:\/\/polaganje-kamna-keramike.si\/wp-content\/uploads\/2025\/11\/20240216_121217-1-scaled.jpg\" class=\"elementor-animation-grow attachment-full size-full wp-image-465\" alt=\"\" srcset=\"https:\/\/polaganje-kamna-keramike.si\/wp-content\/uploads\/2025\/11\/20240216_121217-1-scaled.jpg 1920w, https:\/\/polaganje-kamna-keramike.si\/wp-content\/uploads\/2025\/11\/20240216_121217-1-225x300.jpg 225w, https:\/\/polaganje-kamna-keramike.si\/wp-content\/uploads\/2025\/11\/20240216_121217-1-768x1024.jpg 768w, https:\/\/polaganje-kamna-keramike.si\/wp-content\/uploads\/2025\/11\/20240216_121217-1-1152x1536.jpg 1152w, https:\/\/polaganje-kamna-keramike.si\/wp-content\/uploads\/2025\/11\/20240216_121217-1-1536x2048.jpg 1536w\" sizes=\"(max-width: 1920px) 100vw, 1920px\" \/>\t\t\t\t\t\t\t\t\t\t\t<figcaption class=\"widget-image-caption wp-caption-text\">TREPPEN<\/figcaption>\n\t\t\t\t\t\t\t\t\t\t<\/figure>\n\t\t\t\t\t\t\t\t\t<\/div>\n\t\t\t\t<\/div>\n\t\t<div class=\"elementor-element elementor-element-d686542 e-con-full e-flex e-con e-child\" data-id=\"d686542\" data-element_type=\"container\" data-e-type=\"container\">\n\t\t\t\t<div class=\"elementor-element elementor-element-ec7ba6f elementor-widget__width-initial elementor-widget elementor-widget-image\" data-id=\"ec7ba6f\" data-element_type=\"widget\" data-e-type=\"widget\" data-widget_type=\"image.default\">\n\t\t\t\t\t\t\t\t\t\t\t\t<figure class=\"wp-caption\">\n\t\t\t\t\t\t\t\t\t\t<img decoding=\"async\" width=\"640\" height=\"480\" src=\"https:\/\/polaganje-kamna-keramike.si\/wp-content\/uploads\/2025\/11\/delo-015.jpg\" class=\"attachment-large size-large wp-image-456\" alt=\"\" srcset=\"https:\/\/polaganje-kamna-keramike.si\/wp-content\/uploads\/2025\/11\/delo-015.jpg 640w, https:\/\/polaganje-kamna-keramike.si\/wp-content\/uploads\/2025\/11\/delo-015-300x225.jpg 300w\" sizes=\"(max-width: 640px) 100vw, 640px\" \/>\t\t\t\t\t\t\t\t\t\t\t<figcaption class=\"widget-image-caption wp-caption-text\">MOSAIK<\/figcaption>\n\t\t\t\t\t\t\t\t\t\t<\/figure>\n\t\t\t\t\t\t\t\t\t<\/div>\n\t\t\t\t<\/div>\n\t\t<div class=\"elementor-element elementor-element-64a1c1a e-con-full e-flex e-con e-child\" data-id=\"64a1c1a\" data-element_type=\"container\" data-e-type=\"container\">\n\t\t\t\t<div class=\"elementor-element elementor-element-a86d2b9 elementor-widget__width-initial elementor-invisible elementor-widget elementor-widget-image\" data-id=\"a86d2b9\" data-element_type=\"widget\" data-e-type=\"widget\" data-settings=\"{&quot;_animation&quot;:&quot;fadeInRight&quot;}\" data-widget_type=\"image.default\">\n\t\t\t\t\t\t\t\t\t\t\t\t<figure class=\"wp-caption\">\n\t\t\t\t\t\t\t\t\t\t<img decoding=\"async\" width=\"1024\" height=\"768\" src=\"https:\/\/polaganje-kamna-keramike.si\/wp-content\/uploads\/2025\/11\/20201118_135820-1024x768.jpg\" class=\"elementor-animation-shrink attachment-large size-large wp-image-463\" alt=\"\" srcset=\"https:\/\/polaganje-kamna-keramike.si\/wp-content\/uploads\/2025\/11\/20201118_135820-1024x768.jpg 1024w, https:\/\/polaganje-kamna-keramike.si\/wp-content\/uploads\/2025\/11\/20201118_135820-300x225.jpg 300w, https:\/\/polaganje-kamna-keramike.si\/wp-content\/uploads\/2025\/11\/20201118_135820-768x576.jpg 768w, https:\/\/polaganje-kamna-keramike.si\/wp-content\/uploads\/2025\/11\/20201118_135820-1536x1152.jpg 1536w, https:\/\/polaganje-kamna-keramike.si\/wp-content\/uploads\/2025\/11\/20201118_135820-2048x1536.jpg 2048w\" sizes=\"(max-width: 1024px) 100vw, 1024px\" \/>\t\t\t\t\t\t\t\t\t\t\t<figcaption class=\"widget-image-caption wp-caption-text\">TERRASSE<\/figcaption>\n\t\t\t\t\t\t\t\t\t\t<\/figure>\n\t\t\t\t\t\t\t\t\t<\/div>\n\t\t\t\t<\/div>\n\t\t<div class=\"elementor-element elementor-element-5c610e8 e-con-full e-flex e-con e-child\" data-id=\"5c610e8\" data-element_type=\"container\" data-e-type=\"container\">\n\t\t\t\t<div class=\"elementor-element elementor-element-e397285 elementor-widget elementor-widget-image\" data-id=\"e397285\" data-element_type=\"widget\" data-e-type=\"widget\" data-widget_type=\"image.default\">\n\t\t\t\t\t\t\t\t\t\t\t\t<figure class=\"wp-caption\">\n\t\t\t\t\t\t\t\t\t\t<img loading=\"lazy\" decoding=\"async\" width=\"1024\" height=\"768\" src=\"https:\/\/polaganje-kamna-keramike.si\/wp-content\/uploads\/2025\/11\/20230828_085146-1024x768.jpg\" class=\"attachment-large size-large wp-image-457\" alt=\"\" srcset=\"https:\/\/polaganje-kamna-keramike.si\/wp-content\/uploads\/2025\/11\/20230828_085146-1024x768.jpg 1024w, https:\/\/polaganje-kamna-keramike.si\/wp-content\/uploads\/2025\/11\/20230828_085146-300x225.jpg 300w, https:\/\/polaganje-kamna-keramike.si\/wp-content\/uploads\/2025\/11\/20230828_085146-768x576.jpg 768w, https:\/\/polaganje-kamna-keramike.si\/wp-content\/uploads\/2025\/11\/20230828_085146-1536x1152.jpg 1536w, https:\/\/polaganje-kamna-keramike.si\/wp-content\/uploads\/2025\/11\/20230828_085146-2048x1536.jpg 2048w\" sizes=\"(max-width: 1024px) 100vw, 1024px\" \/>\t\t\t\t\t\t\t\t\t\t\t<figcaption class=\"widget-image-caption wp-caption-text\">BADEZIMMER \u2013 GRO\u00dfFORMATIGE FLIESEN <\/figcaption>\n\t\t\t\t\t\t\t\t\t\t<\/figure>\n\t\t\t\t\t\t\t\t\t<\/div>\n\t\t\t\t<\/div>\n\t\t<div class=\"elementor-element elementor-element-05f15e7 e-con-full e-flex e-con e-child\" data-id=\"05f15e7\" data-element_type=\"container\" data-e-type=\"container\">\n\t\t\t\t<div class=\"elementor-element elementor-element-f2b23ab elementor-widget__width-initial elementor-widget elementor-widget-image\" data-id=\"f2b23ab\" data-element_type=\"widget\" data-e-type=\"widget\" data-widget_type=\"image.default\">\n\t\t\t\t\t\t\t\t\t\t\t\t<figure class=\"wp-caption\">\n\t\t\t\t\t\t\t\t\t\t<img loading=\"lazy\" decoding=\"async\" width=\"1024\" height=\"768\" src=\"https:\/\/polaganje-kamna-keramike.si\/wp-content\/uploads\/2025\/11\/20220514_115228-1024x768.jpg\" class=\"attachment-large size-large wp-image-454\" alt=\"BAZEN\" srcset=\"https:\/\/polaganje-kamna-keramike.si\/wp-content\/uploads\/2025\/11\/20220514_115228-1024x768.jpg 1024w, https:\/\/polaganje-kamna-keramike.si\/wp-content\/uploads\/2025\/11\/20220514_115228-300x225.jpg 300w, https:\/\/polaganje-kamna-keramike.si\/wp-content\/uploads\/2025\/11\/20220514_115228-768x576.jpg 768w, https:\/\/polaganje-kamna-keramike.si\/wp-content\/uploads\/2025\/11\/20220514_115228-1536x1152.jpg 1536w, https:\/\/polaganje-kamna-keramike.si\/wp-content\/uploads\/2025\/11\/20220514_115228-2048x1536.jpg 2048w\" sizes=\"(max-width: 1024px) 100vw, 1024px\" \/>\t\t\t\t\t\t\t\t\t\t\t<figcaption class=\"widget-image-caption wp-caption-text\">SCHWIMMBAD<\/figcaption>\n\t\t\t\t\t\t\t\t\t\t<\/figure>\n\t\t\t\t\t\t\t\t\t<\/div>\n\t\t\t\t<\/div>\n\t\t\t\t<div class=\"elementor-element elementor-element-ec43e3e elementor-widget__width-initial elementor-widget elementor-widget-image\" data-id=\"ec43e3e\" data-element_type=\"widget\" data-e-type=\"widget\" data-widget_type=\"image.default\">\n\t\t\t\t\t\t\t\t\t\t\t\t<figure class=\"wp-caption\">\n\t\t\t\t\t\t\t\t\t\t<img loading=\"lazy\" decoding=\"async\" width=\"768\" height=\"1024\" src=\"https:\/\/polaganje-kamna-keramike.si\/wp-content\/uploads\/2025\/11\/20201024_170521-768x1024.jpg\" class=\"attachment-large size-large wp-image-461\" alt=\"\" srcset=\"https:\/\/polaganje-kamna-keramike.si\/wp-content\/uploads\/2025\/11\/20201024_170521-768x1024.jpg 768w, https:\/\/polaganje-kamna-keramike.si\/wp-content\/uploads\/2025\/11\/20201024_170521-225x300.jpg 225w, https:\/\/polaganje-kamna-keramike.si\/wp-content\/uploads\/2025\/11\/20201024_170521-1152x1536.jpg 1152w, https:\/\/polaganje-kamna-keramike.si\/wp-content\/uploads\/2025\/11\/20201024_170521-1536x2048.jpg 1536w, https:\/\/polaganje-kamna-keramike.si\/wp-content\/uploads\/2025\/11\/20201024_170521-scaled.jpg 1920w\" sizes=\"(max-width: 768px) 100vw, 768px\" \/>\t\t\t\t\t\t\t\t\t\t\t<figcaption class=\"widget-image-caption wp-caption-text\">BADEZIMMER<\/figcaption>\n\t\t\t\t\t\t\t\t\t\t<\/figure>\n\t\t\t\t\t\t\t\t\t<\/div>\n\t\t<div class=\"elementor-element elementor-element-6a35a33 e-con-full e-flex e-con e-child\" data-id=\"6a35a33\" data-element_type=\"container\" data-e-type=\"container\">\n\t\t\t\t<div class=\"elementor-element elementor-element-ff6fe92 elementor-widget__width-initial elementor-widget elementor-widget-image\" data-id=\"ff6fe92\" data-element_type=\"widget\" data-e-type=\"widget\" data-widget_type=\"image.default\">\n\t\t\t\t\t\t\t\t\t\t\t\t<figure class=\"wp-caption\">\n\t\t\t\t\t\t\t\t\t\t<img loading=\"lazy\" decoding=\"async\" width=\"1024\" height=\"768\" src=\"https:\/\/polaganje-kamna-keramike.si\/wp-content\/uploads\/2025\/10\/20250721_170738-1024x768.jpg\" class=\"attachment-large size-large wp-image-20\" alt=\"\" srcset=\"https:\/\/polaganje-kamna-keramike.si\/wp-content\/uploads\/2025\/10\/20250721_170738-1024x768.jpg 1024w, https:\/\/polaganje-kamna-keramike.si\/wp-content\/uploads\/2025\/10\/20250721_170738-300x225.jpg 300w, https:\/\/polaganje-kamna-keramike.si\/wp-content\/uploads\/2025\/10\/20250721_170738-768x576.jpg 768w, https:\/\/polaganje-kamna-keramike.si\/wp-content\/uploads\/2025\/10\/20250721_170738-1536x1152.jpg 1536w, https:\/\/polaganje-kamna-keramike.si\/wp-content\/uploads\/2025\/10\/20250721_170738-2048x1536.jpg 2048w\" sizes=\"(max-width: 1024px) 100vw, 1024px\" \/>\t\t\t\t\t\t\t\t\t\t\t<figcaption class=\"widget-image-caption wp-caption-text\">RETRO<\/figcaption>\n\t\t\t\t\t\t\t\t\t\t<\/figure>\n\t\t\t\t\t\t\t\t\t<\/div>\n\t\t\t\t<\/div>\n\t\t\t\t<div class=\"elementor-element elementor-element-d6d4981 elementor-widget__width-initial elementor-widget elementor-widget-image\" data-id=\"d6d4981\" data-element_type=\"widget\" data-e-type=\"widget\" data-widget_type=\"image.default\">\n\t\t\t\t\t\t\t\t\t\t\t\t<figure class=\"wp-caption\">\n\t\t\t\t\t\t\t\t\t\t<img loading=\"lazy\" decoding=\"async\" width=\"1024\" height=\"768\" src=\"https:\/\/polaganje-kamna-keramike.si\/wp-content\/uploads\/2025\/11\/20220211_125658-1024x768.jpg\" class=\"attachment-large size-large wp-image-462\" alt=\"\" srcset=\"https:\/\/polaganje-kamna-keramike.si\/wp-content\/uploads\/2025\/11\/20220211_125658-1024x768.jpg 1024w, https:\/\/polaganje-kamna-keramike.si\/wp-content\/uploads\/2025\/11\/20220211_125658-300x225.jpg 300w, https:\/\/polaganje-kamna-keramike.si\/wp-content\/uploads\/2025\/11\/20220211_125658-768x576.jpg 768w, https:\/\/polaganje-kamna-keramike.si\/wp-content\/uploads\/2025\/11\/20220211_125658-1536x1152.jpg 1536w, https:\/\/polaganje-kamna-keramike.si\/wp-content\/uploads\/2025\/11\/20220211_125658-2048x1536.jpg 2048w\" sizes=\"(max-width: 1024px) 100vw, 1024px\" \/>\t\t\t\t\t\t\t\t\t\t\t<figcaption class=\"widget-image-caption wp-caption-text\">BODEN<\/figcaption>\n\t\t\t\t\t\t\t\t\t\t<\/figure>\n\t\t\t\t\t\t\t\t\t<\/div>\n\t\t\t\t\t<\/div>\n\t\t\t\t<\/div>\n\t\t<div class=\"elementor-element elementor-element-710c258 e-flex e-con-boxed e-con e-parent\" data-id=\"710c258\" data-element_type=\"container\" data-e-type=\"container\">\n\t\t\t\t\t<div class=\"e-con-inner\">\n\t\t<div class=\"elementor-element elementor-element-148911d e-con-full e-flex e-con e-child\" data-id=\"148911d\" data-element_type=\"container\" data-e-type=\"container\">\n\t\t\t\t<div class=\"elementor-element elementor-element-17f37da elementor-widget elementor-widget-text-editor\" data-id=\"17f37da\" data-element_type=\"widget\" data-e-type=\"widget\" data-widget_type=\"text-editor.default\">\n\t\t\t\t\t\t\t\t\t<h3><span style=\"color: #993366;\">F\u00fcr weitere Informationen oder ein Angebot kontaktieren Sie uns.<\/span><br \/><strong><span style=\"color: #993366;\">\ud83d\udcde +38640838904<\/span><\/strong><br \/><span style=\"color: #993366;\">\ud83d\udce7granitomont@gmail.com<\/span><\/h3>\n<p><span style=\"color: #993366;\"><a style=\"color: #993366;\">\ud83d\udce7info@polaganje-kamna-keramike.si<\/a><\/span><\/p>\n<p><br \/>\ud83c\udf10 <a href=\"https:\/\/polaganje-kamna-keramike.si\/de\/\">polaganje-kamna-keramike.si<\/a><\/p>\t\t\t\t\t\t\t\t<\/div>\n\t\t\t\t<\/div>\n\t\t\t\t\t<\/div>\n\t\t\t\t<\/div>\n\t\t\t\t<\/div>","protected":false},"excerpt":{"rendered":"<p>Polagamo vse vrste keramike, kot so kerami\u010dne plo\u0161\u010dice, plo\u0161\u010dice ve\u010djih dimenzij in mozaiki. Izvajamo oblaganje stopnic, sten, tal, teras, balkonov, [&hellip;]<\/p>\n","protected":false},"author":1,"featured_media":0,"parent":0,"menu_order":0,"comment_status":"closed","ping_status":"closed","template":"","meta":{"site-sidebar-layout":"default","site-content-layout":"","ast-site-content-layout":"default","site-content-style":"default","site-sidebar-style":"default","ast-global-header-display":"","ast-banner-title-visibility":"","ast-main-header-display":"","ast-hfb-above-header-display":"","ast-hfb-below-header-display":"","ast-hfb-mobile-header-display":"","site-post-title":"","ast-breadcrumbs-content":"","ast-featured-img":"","footer-sml-layout":"","ast-disable-related-posts":"","theme-transparent-header-meta":"","adv-header-id-meta":"","stick-header-meta":"","header-above-stick-meta":"","header-main-stick-meta":"","header-below-stick-meta":"","astra-migrate-meta-layouts":"default","ast-page-background-enabled":"default","ast-page-background-meta":{"desktop":{"background-color":"var(--ast-global-color-5)","background-image":"","background-repeat":"repeat","background-position":"center center","background-size":"auto","background-attachment":"scroll","background-type":"","background-media":"","overlay-type":"","overlay-color":"","overlay-opacity":"","overlay-gradient":""},"tablet":{"background-color":"","background-image":"","background-repeat":"repeat","background-position":"center center","background-size":"auto","background-attachment":"scroll","background-type":"","background-media":"","overlay-type":"","overlay-color":"","overlay-opacity":"","overlay-gradient":""},"mobile":{"background-color":"","background-image":"","background-repeat":"repeat","background-position":"center center","background-size":"auto","background-attachment":"scroll","background-type":"","background-media":"","overlay-type":"","overlay-color":"","overlay-opacity":"","overlay-gradient":""}},"ast-content-background-meta":{"desktop":{"background-color":"var(--ast-global-color-4)","background-image":"","background-repeat":"repeat","background-position":"center center","background-size":"auto","background-attachment":"scroll","background-type":"","background-media":"","overlay-type":"","overlay-color":"","overlay-opacity":"","overlay-gradient":""},"tablet":{"background-color":"var(--ast-global-color-4)","background-image":"","background-repeat":"repeat","background-position":"center center","background-size":"auto","background-attachment":"scroll","background-type":"","background-media":"","overlay-type":"","overlay-color":"","overlay-opacity":"","overlay-gradient":""},"mobile":{"background-color":"var(--ast-global-color-4)","background-image":"","background-repeat":"repeat","background-position":"center center","background-size":"auto","background-attachment":"scroll","background-type":"","background-media":"","overlay-type":"","overlay-color":"","overlay-opacity":"","overlay-gradient":""}},"footnotes":""},"class_list":["post-453","page","type-page","status-publish","hentry"],"featured_image_src":null,"yoast_head":"<!-- This site is optimized with the Yoast SEO plugin v27.4 - https:\/\/yoast.com\/product\/yoast-seo-wordpress\/ -->\n<title>POLAGANJE KERAMIKE - ZAKLJU\u010cNA GRADBENA DELA<\/title>\n<meta name=\"robots\" content=\"index, follow, max-snippet:-1, max-image-preview:large, max-video-preview:-1\" \/>\n<link rel=\"canonical\" href=\"https:\/\/polaganje-kamna-keramike.si\/de\/storitve-2\/\" \/>\n<meta property=\"og:locale\" content=\"de_DE\" \/>\n<meta property=\"og:type\" content=\"article\" \/>\n<meta property=\"og:title\" content=\"POLAGANJE KERAMIKE - ZAKLJU\u010cNA GRADBENA DELA\" \/>\n<meta property=\"og:description\" content=\"Polagamo vse vrste keramike, kot so kerami\u010dne plo\u0161\u010dice, plo\u0161\u010dice ve\u010djih dimenzij in mozaiki. Izvajamo oblaganje stopnic, sten, tal, teras, balkonov, [&hellip;]\" \/>\n<meta property=\"og:url\" content=\"https:\/\/polaganje-kamna-keramike.si\/de\/storitve-2\/\" \/>\n<meta property=\"og:site_name\" content=\"ZAKLJU\u010cNA GRADBENA DELA\" \/>\n<meta property=\"article:publisher\" content=\"https:\/\/www.facebook.com\/granitomont\" \/>\n<meta property=\"article:modified_time\" content=\"2025-11-17T20:49:52+00:00\" \/>\n<meta property=\"og:image\" content=\"https:\/\/polaganje-kamna-keramike.si\/wp-content\/uploads\/2025\/11\/20240216_121217-1-scaled.jpg\" \/>\n<meta name=\"twitter:card\" content=\"summary_large_image\" \/>\n<meta name=\"twitter:label1\" content=\"Gesch\u00e4tzte Lesezeit\" \/>\n\t<meta name=\"twitter:data1\" content=\"3\u00a0Minuten\" \/>\n<script type=\"application\/ld+json\" class=\"yoast-schema-graph\">{\"@context\":\"https:\\\/\\\/schema.org\",\"@graph\":[{\"@type\":\"WebPage\",\"@id\":\"https:\\\/\\\/polaganje-kamna-keramike.si\\\/storitve-2\\\/\",\"url\":\"https:\\\/\\\/polaganje-kamna-keramike.si\\\/storitve-2\\\/\",\"name\":\"POLAGANJE KERAMIKE - ZAKLJU\u010cNA GRADBENA DELA\",\"isPartOf\":{\"@id\":\"https:\\\/\\\/polaganje-kamna-keramike.si\\\/#website\"},\"primaryImageOfPage\":{\"@id\":\"https:\\\/\\\/polaganje-kamna-keramike.si\\\/storitve-2\\\/#primaryimage\"},\"image\":{\"@id\":\"https:\\\/\\\/polaganje-kamna-keramike.si\\\/storitve-2\\\/#primaryimage\"},\"thumbnailUrl\":\"https:\\\/\\\/polaganje-kamna-keramike.si\\\/wp-content\\\/uploads\\\/2025\\\/11\\\/20240216_121217-1-scaled.jpg\",\"datePublished\":\"2025-11-10T22:03:21+00:00\",\"dateModified\":\"2025-11-17T20:49:52+00:00\",\"breadcrumb\":{\"@id\":\"https:\\\/\\\/polaganje-kamna-keramike.si\\\/storitve-2\\\/#breadcrumb\"},\"inLanguage\":\"de\",\"potentialAction\":[{\"@type\":\"ReadAction\",\"target\":[\"https:\\\/\\\/polaganje-kamna-keramike.si\\\/storitve-2\\\/\"]}]},{\"@type\":\"ImageObject\",\"inLanguage\":\"de\",\"@id\":\"https:\\\/\\\/polaganje-kamna-keramike.si\\\/storitve-2\\\/#primaryimage\",\"url\":\"https:\\\/\\\/polaganje-kamna-keramike.si\\\/wp-content\\\/uploads\\\/2025\\\/11\\\/20240216_121217-1-scaled.jpg\",\"contentUrl\":\"https:\\\/\\\/polaganje-kamna-keramike.si\\\/wp-content\\\/uploads\\\/2025\\\/11\\\/20240216_121217-1-scaled.jpg\"},{\"@type\":\"BreadcrumbList\",\"@id\":\"https:\\\/\\\/polaganje-kamna-keramike.si\\\/storitve-2\\\/#breadcrumb\",\"itemListElement\":[{\"@type\":\"ListItem\",\"position\":1,\"name\":\"Home\",\"item\":\"https:\\\/\\\/polaganje-kamna-keramike.si\\\/\"},{\"@type\":\"ListItem\",\"position\":2,\"name\":\"POLAGANJE KERAMIKE\"}]},{\"@type\":\"WebSite\",\"@id\":\"https:\\\/\\\/polaganje-kamna-keramike.si\\\/#website\",\"url\":\"https:\\\/\\\/polaganje-kamna-keramike.si\\\/\",\"name\":\"ZAKLJU\u010cNA GRADBENA DELA\",\"description\":\"U\u010cINKOVITO IN NATAN\u010cNO UREDIMO VA\u0160 DOM\",\"publisher\":{\"@id\":\"https:\\\/\\\/polaganje-kamna-keramike.si\\\/#organization\"},\"potentialAction\":[{\"@type\":\"SearchAction\",\"target\":{\"@type\":\"EntryPoint\",\"urlTemplate\":\"https:\\\/\\\/polaganje-kamna-keramike.si\\\/?s={search_term_string}\"},\"query-input\":{\"@type\":\"PropertyValueSpecification\",\"valueRequired\":true,\"valueName\":\"search_term_string\"}}],\"inLanguage\":\"de\"},{\"@type\":\"Organization\",\"@id\":\"https:\\\/\\\/polaganje-kamna-keramike.si\\\/#organization\",\"name\":\"ZAKLJU\u010cNA GRADBENA DELA\",\"url\":\"https:\\\/\\\/polaganje-kamna-keramike.si\\\/\",\"logo\":{\"@type\":\"ImageObject\",\"inLanguage\":\"de\",\"@id\":\"https:\\\/\\\/polaganje-kamna-keramike.si\\\/#\\\/schema\\\/logo\\\/image\\\/\",\"url\":\"https:\\\/\\\/polaganje-kamna-keramike.si\\\/wp-content\\\/uploads\\\/2025\\\/10\\\/cropped-cropped-ChatGPT-Image-27.-okt.-2025-22_16_46-1.png\",\"contentUrl\":\"https:\\\/\\\/polaganje-kamna-keramike.si\\\/wp-content\\\/uploads\\\/2025\\\/10\\\/cropped-cropped-ChatGPT-Image-27.-okt.-2025-22_16_46-1.png\",\"width\":511,\"height\":337,\"caption\":\"ZAKLJU\u010cNA GRADBENA DELA\"},\"image\":{\"@id\":\"https:\\\/\\\/polaganje-kamna-keramike.si\\\/#\\\/schema\\\/logo\\\/image\\\/\"},\"sameAs\":[\"https:\\\/\\\/www.facebook.com\\\/granitomont\"]}]}<\/script>\n<!-- \/ Yoast SEO plugin. -->","yoast_head_json":{"title":"POLAGANJE KERAMIKE - ZAKLJU\u010cNA GRADBENA DELA","robots":{"index":"index","follow":"follow","max-snippet":"max-snippet:-1","max-image-preview":"max-image-preview:large","max-video-preview":"max-video-preview:-1"},"canonical":"https:\/\/polaganje-kamna-keramike.si\/de\/storitve-2\/","og_locale":"de_DE","og_type":"article","og_title":"POLAGANJE KERAMIKE - ZAKLJU\u010cNA GRADBENA DELA","og_description":"Polagamo vse vrste keramike, kot so kerami\u010dne plo\u0161\u010dice, plo\u0161\u010dice ve\u010djih dimenzij in mozaiki. Izvajamo oblaganje stopnic, sten, tal, teras, balkonov, [&hellip;]","og_url":"https:\/\/polaganje-kamna-keramike.si\/de\/storitve-2\/","og_site_name":"ZAKLJU\u010cNA GRADBENA DELA","article_publisher":"https:\/\/www.facebook.com\/granitomont","article_modified_time":"2025-11-17T20:49:52+00:00","og_image":[{"url":"https:\/\/polaganje-kamna-keramike.si\/wp-content\/uploads\/2025\/11\/20240216_121217-1-scaled.jpg","type":"","width":"","height":""}],"twitter_card":"summary_large_image","twitter_misc":{"Gesch\u00e4tzte Lesezeit":"3\u00a0Minuten"},"schema":{"@context":"https:\/\/schema.org","@graph":[{"@type":"WebPage","@id":"https:\/\/polaganje-kamna-keramike.si\/storitve-2\/","url":"https:\/\/polaganje-kamna-keramike.si\/storitve-2\/","name":"POLAGANJE KERAMIKE - ZAKLJU\u010cNA GRADBENA DELA","isPartOf":{"@id":"https:\/\/polaganje-kamna-keramike.si\/#website"},"primaryImageOfPage":{"@id":"https:\/\/polaganje-kamna-keramike.si\/storitve-2\/#primaryimage"},"image":{"@id":"https:\/\/polaganje-kamna-keramike.si\/storitve-2\/#primaryimage"},"thumbnailUrl":"https:\/\/polaganje-kamna-keramike.si\/wp-content\/uploads\/2025\/11\/20240216_121217-1-scaled.jpg","datePublished":"2025-11-10T22:03:21+00:00","dateModified":"2025-11-17T20:49:52+00:00","breadcrumb":{"@id":"https:\/\/polaganje-kamna-keramike.si\/storitve-2\/#breadcrumb"},"inLanguage":"de","potentialAction":[{"@type":"ReadAction","target":["https:\/\/polaganje-kamna-keramike.si\/storitve-2\/"]}]},{"@type":"ImageObject","inLanguage":"de","@id":"https:\/\/polaganje-kamna-keramike.si\/storitve-2\/#primaryimage","url":"https:\/\/polaganje-kamna-keramike.si\/wp-content\/uploads\/2025\/11\/20240216_121217-1-scaled.jpg","contentUrl":"https:\/\/polaganje-kamna-keramike.si\/wp-content\/uploads\/2025\/11\/20240216_121217-1-scaled.jpg"},{"@type":"BreadcrumbList","@id":"https:\/\/polaganje-kamna-keramike.si\/storitve-2\/#breadcrumb","itemListElement":[{"@type":"ListItem","position":1,"name":"Home","item":"https:\/\/polaganje-kamna-keramike.si\/"},{"@type":"ListItem","position":2,"name":"POLAGANJE KERAMIKE"}]},{"@type":"WebSite","@id":"https:\/\/polaganje-kamna-keramike.si\/#website","url":"https:\/\/polaganje-kamna-keramike.si\/","name":"ABSCHLIESSENDE BAUARBEITEN","description":"WIR GESTALTEN IHR ZUHAUSE EFFIZIENT UND PR\u00c4ZISE","publisher":{"@id":"https:\/\/polaganje-kamna-keramike.si\/#organization"},"potentialAction":[{"@type":"SearchAction","target":{"@type":"EntryPoint","urlTemplate":"https:\/\/polaganje-kamna-keramike.si\/?s={search_term_string}"},"query-input":{"@type":"PropertyValueSpecification","valueRequired":true,"valueName":"search_term_string"}}],"inLanguage":"de"},{"@type":"Organization","@id":"https:\/\/polaganje-kamna-keramike.si\/#organization","name":"ABSCHLIESSENDE BAUARBEITEN","url":"https:\/\/polaganje-kamna-keramike.si\/","logo":{"@type":"ImageObject","inLanguage":"de","@id":"https:\/\/polaganje-kamna-keramike.si\/#\/schema\/logo\/image\/","url":"https:\/\/polaganje-kamna-keramike.si\/wp-content\/uploads\/2025\/10\/cropped-cropped-ChatGPT-Image-27.-okt.-2025-22_16_46-1.png","contentUrl":"https:\/\/polaganje-kamna-keramike.si\/wp-content\/uploads\/2025\/10\/cropped-cropped-ChatGPT-Image-27.-okt.-2025-22_16_46-1.png","width":511,"height":337,"caption":"ZAKLJU\u010cNA GRADBENA DELA"},"image":{"@id":"https:\/\/polaganje-kamna-keramike.si\/#\/schema\/logo\/image\/"},"sameAs":["https:\/\/www.facebook.com\/granitomont"]}]}},"_links":{"self":[{"href":"https:\/\/polaganje-kamna-keramike.si\/de\/wp-json\/wp\/v2\/pages\/453","targetHints":{"allow":["GET"]}}],"collection":[{"href":"https:\/\/polaganje-kamna-keramike.si\/de\/wp-json\/wp\/v2\/pages"}],"about":[{"href":"https:\/\/polaganje-kamna-keramike.si\/de\/wp-json\/wp\/v2\/types\/page"}],"author":[{"embeddable":true,"href":"https:\/\/polaganje-kamna-keramike.si\/de\/wp-json\/wp\/v2\/users\/1"}],"replies":[{"embeddable":true,"href":"https:\/\/polaganje-kamna-keramike.si\/de\/wp-json\/wp\/v2\/comments?post=453"}],"version-history":[{"count":0,"href":"https:\/\/polaganje-kamna-keramike.si\/de\/wp-json\/wp\/v2\/pages\/453\/revisions"}],"wp:attachment":[{"href":"https:\/\/polaganje-kamna-keramike.si\/de\/wp-json\/wp\/v2\/media?parent=453"}],"curies":[{"name":"wp","href":"https:\/\/api.w.org\/{rel}","templated":true}]}}