{"id":558,"date":"2025-11-21T05:17:22","date_gmt":"2025-11-21T05:17:22","guid":{"rendered":"https:\/\/polaganje-kamna-keramike.si\/?page_id=558"},"modified":"2025-11-24T19:55:04","modified_gmt":"2025-11-24T19:55:04","slug":"lesene-in-moderne-talne-obloge","status":"publish","type":"page","link":"https:\/\/polaganje-kamna-keramike.si\/de\/lesene-in-moderne-talne-obloge\/","title":{"rendered":"HOLZ- UND MODERNE BODENBEL\u00c4GE"},"content":{"rendered":"<div data-elementor-type=\"wp-page\" data-elementor-id=\"558\" class=\"elementor elementor-558\">\n\t\t\t\t<div class=\"elementor-element elementor-element-420d0e7e e-flex e-con-boxed e-con e-parent\" data-id=\"420d0e7e\" data-element_type=\"container\" data-e-type=\"container\">\n\t\t\t\t\t<div class=\"e-con-inner\">\n\t\t\t\t<div class=\"elementor-element elementor-element-4763140e elementor-widget elementor-widget-text-editor\" data-id=\"4763140e\" data-element_type=\"widget\" data-e-type=\"widget\" data-widget_type=\"text-editor.default\">\n\t\t\t\t\t\t\t\t\t<p><\/p>\n<p>Verlegung von Holz- und modernen Bodenbel\u00e4gen: Laminat, Vinyl und Fertigparkett. Pr\u00e4zise Ausf\u00fchrung, ebene Untergr\u00fcnde und \u00e4sthetische Abschl\u00fcsse.<\/p>\n<p><\/p>\n<p><\/p>\t\t\t\t\t\t\t\t<\/div>\n\t\t\t\t\t<\/div>\n\t\t\t\t<\/div>\n\t\t<div class=\"elementor-element elementor-element-2f28643 e-con-full e-flex e-con e-parent\" data-id=\"2f28643\" data-element_type=\"container\" data-e-type=\"container\">\n\t\t<div class=\"elementor-element elementor-element-eec925c e-con-full e-flex e-con e-child\" data-id=\"eec925c\" data-element_type=\"container\" data-e-type=\"container\">\n\t\t\t\t<div class=\"elementor-element elementor-element-475d2cb elementor-widget__width-initial elementor-widget elementor-widget-text-editor\" data-id=\"475d2cb\" data-element_type=\"widget\" data-e-type=\"widget\" data-widget_type=\"text-editor.default\">\n\t\t\t\t\t\t\t\t\t<h4 data-start=\"3759\" data-end=\"3812\"><span style=\"color: #800000;\"><strong data-start=\"3764\" data-end=\"3812\">VERLEGUNG VON LAMINAT<\/strong><\/span><\/h4>\n<h1 data-start=\"3759\" data-end=\"3812\"><span style=\"font-size: 16px; font-style: inherit; font-weight: inherit; color: #7a7a7a; font-family: Roboto, sans-serif;\">Verlegung von Laminat mit pr\u00e4zisen Abschl\u00fcssen<\/span><\/h1>\n<p data-start=\"3861\" data-end=\"4008\">ir verlegen Laminat aller Art, Klick-System, Feuchtigkeits- und Schalld\u00e4mmunterlagen. Wir sorgen f\u00fcr Abschlussleisten, T\u00fcrschnitte und einen ebenen Untergrund.<\/p>\t\t\t\t\t\t\t\t<\/div>\n\t\t\t\t<\/div>\n\t\t<div class=\"elementor-element elementor-element-cba4e61 e-con-full e-flex e-con e-child\" data-id=\"cba4e61\" data-element_type=\"container\" data-e-type=\"container\">\n\t\t\t\t<div class=\"elementor-element elementor-element-b468cbb elementor-widget elementor-widget-image\" data-id=\"b468cbb\" data-element_type=\"widget\" data-e-type=\"widget\" data-widget_type=\"image.default\">\n\t\t\t\t\t\t\t\t\t\t\t\t<figure class=\"wp-caption\">\n\t\t\t\t\t\t\t\t\t\t<img fetchpriority=\"high\" decoding=\"async\" width=\"287\" height=\"312\" src=\"https:\/\/polaganje-kamna-keramike.si\/wp-content\/uploads\/2025\/11\/POLAGANJE-LAMINATA.jpg\" class=\"attachment-large size-large wp-image-648\" alt=\"\" srcset=\"https:\/\/polaganje-kamna-keramike.si\/wp-content\/uploads\/2025\/11\/POLAGANJE-LAMINATA.jpg 287w, https:\/\/polaganje-kamna-keramike.si\/wp-content\/uploads\/2025\/11\/POLAGANJE-LAMINATA-276x300.jpg 276w\" sizes=\"(max-width: 287px) 100vw, 287px\" \/>\t\t\t\t\t\t\t\t\t\t\t<figcaption class=\"widget-image-caption wp-caption-text\">VERLEGUNG VON LAMINAT<\/figcaption>\n\t\t\t\t\t\t\t\t\t\t<\/figure>\n\t\t\t\t\t\t\t\t\t<\/div>\n\t\t\t\t<\/div>\n\t\t\t\t<\/div>\n\t\t<div class=\"elementor-element elementor-element-a46bd6f e-flex e-con-boxed e-con e-parent\" data-id=\"a46bd6f\" data-element_type=\"container\" data-e-type=\"container\">\n\t\t\t\t\t<div class=\"e-con-inner\">\n\t\t<div class=\"elementor-element elementor-element-470f7a9 e-con-full e-flex e-con e-child\" data-id=\"470f7a9\" data-element_type=\"container\" data-e-type=\"container\">\n\t\t\t\t<div class=\"elementor-element elementor-element-eca3cd0 elementor-widget__width-initial elementor-widget elementor-widget-image\" data-id=\"eca3cd0\" data-element_type=\"widget\" data-e-type=\"widget\" data-widget_type=\"image.default\">\n\t\t\t\t\t\t\t\t\t\t\t\t\t\t\t<img decoding=\"async\" width=\"768\" height=\"1024\" src=\"https:\/\/polaganje-kamna-keramike.si\/wp-content\/uploads\/2025\/11\/OBNOVA-5-768x1024.jpg\" class=\"attachment-large size-large wp-image-649\" alt=\"\" srcset=\"https:\/\/polaganje-kamna-keramike.si\/wp-content\/uploads\/2025\/11\/OBNOVA-5-768x1024.jpg 768w, https:\/\/polaganje-kamna-keramike.si\/wp-content\/uploads\/2025\/11\/OBNOVA-5-225x300.jpg 225w, https:\/\/polaganje-kamna-keramike.si\/wp-content\/uploads\/2025\/11\/OBNOVA-5-1152x1536.jpg 1152w, https:\/\/polaganje-kamna-keramike.si\/wp-content\/uploads\/2025\/11\/OBNOVA-5-1536x2048.jpg 1536w, https:\/\/polaganje-kamna-keramike.si\/wp-content\/uploads\/2025\/11\/OBNOVA-5-scaled.jpg 1920w\" sizes=\"(max-width: 768px) 100vw, 768px\" \/>\t\t\t\t\t\t\t\t\t\t\t\t\t\t\t<\/div>\n\t\t\t\t<\/div>\n\t\t<div class=\"elementor-element elementor-element-90afd8e e-con-full e-flex e-con e-child\" data-id=\"90afd8e\" data-element_type=\"container\" data-e-type=\"container\">\n\t\t\t\t<div class=\"elementor-element elementor-element-5d9f329 elementor-widget elementor-widget-text-editor\" data-id=\"5d9f329\" data-element_type=\"widget\" data-e-type=\"widget\" data-widget_type=\"text-editor.default\">\n\t\t\t\t\t\t\t\t\t<h4 data-start=\"4066\" data-end=\"4115\"><span style=\"color: #800000;\">VERLEGUNG VON VINYL<\/span> \u00a0<\/h4>\n<h4 data-start=\"4066\" data-end=\"4115\">Langlebiger und wasserfester Bodenbelag<\/h4>\n<p data-start=\"4117\" data-end=\"4266\">Vinyl eignet sich f\u00fcr alle feuchten R\u00e4ume. Wir verlegen Klick- und Klebesysteme, bereiten den Untergrund vor und f\u00fchren \u00e4sthetische Abschl\u00fcsse aus.<\/p>\t\t\t\t\t\t\t\t<\/div>\n\t\t\t\t<\/div>\n\t\t\t\t\t<\/div>\n\t\t\t\t<\/div>\n\t\t<div class=\"elementor-element elementor-element-d122422 e-flex e-con-boxed e-con e-parent\" data-id=\"d122422\" data-element_type=\"container\" data-e-type=\"container\">\n\t\t\t\t\t<div class=\"e-con-inner\">\n\t\t<div class=\"elementor-element elementor-element-31d2eee e-con-full e-flex e-con e-child\" data-id=\"31d2eee\" data-element_type=\"container\" data-e-type=\"container\">\n\t\t\t\t<div class=\"elementor-element elementor-element-9f71391 elementor-widget elementor-widget-text-editor\" data-id=\"9f71391\" data-element_type=\"widget\" data-e-type=\"widget\" data-widget_type=\"text-editor.default\">\n\t\t\t\t\t\t\t\t\t<h4 data-start=\"4344\" data-end=\"4398\"><span style=\"color: #800000;\">VERLEGUNG VON FERTIGPARKETT<\/span><\/h4>\n<p data-start=\"4344\" data-end=\"4398\">Verlegung von Fertigparkett f\u00fcr ein warmes und nat\u00fcrliches Zuhause<\/p>\n<p data-start=\"4400\" data-end=\"4538\">Wir verlegen Parkett nach allen Standards \u2013 ebener Untergrund, Feuchtigkeitsschutz, pr\u00e4zise Abschl\u00fcsse.<span style=\"font-style: inherit; font-weight: inherit;\">a.<\/span><\/p>\t\t\t\t\t\t\t\t<\/div>\n\t\t\t\t<\/div>\n\t\t<div class=\"elementor-element elementor-element-9704c2f e-con-full e-flex e-con e-child\" data-id=\"9704c2f\" data-element_type=\"container\" data-e-type=\"container\">\n\t\t\t\t<\/div>\n\t\t\t\t\t<\/div>\n\t\t\t\t<\/div>\n\t\t\t\t<\/div>","protected":false},"excerpt":{"rendered":"<p>Polaganje lesenih in modernih talnih oblog: laminat, vinil in gotovi parket. Natan\u010dna izvedba, ravne podlage in estetski zaklju\u010dki. Hitro in [&hellip;]<\/p>\n","protected":false},"author":1,"featured_media":0,"parent":0,"menu_order":0,"comment_status":"closed","ping_status":"closed","template":"","meta":{"site-sidebar-layout":"default","site-content-layout":"","ast-site-content-layout":"default","site-content-style":"default","site-sidebar-style":"default","ast-global-header-display":"","ast-banner-title-visibility":"","ast-main-header-display":"","ast-hfb-above-header-display":"","ast-hfb-below-header-display":"","ast-hfb-mobile-header-display":"","site-post-title":"","ast-breadcrumbs-content":"","ast-featured-img":"","footer-sml-layout":"","ast-disable-related-posts":"","theme-transparent-header-meta":"","adv-header-id-meta":"","stick-header-meta":"","header-above-stick-meta":"","header-main-stick-meta":"","header-below-stick-meta":"","astra-migrate-meta-layouts":"default","ast-page-background-enabled":"default","ast-page-background-meta":{"desktop":{"background-color":"var(--ast-global-color-5)","background-image":"","background-repeat":"repeat","background-position":"center center","background-size":"auto","background-attachment":"scroll","background-type":"","background-media":"","overlay-type":"","overlay-color":"","overlay-opacity":"","overlay-gradient":""},"tablet":{"background-color":"","background-image":"","background-repeat":"repeat","background-position":"center center","background-size":"auto","background-attachment":"scroll","background-type":"","background-media":"","overlay-type":"","overlay-color":"","overlay-opacity":"","overlay-gradient":""},"mobile":{"background-color":"","background-image":"","background-repeat":"repeat","background-position":"center center","background-size":"auto","background-attachment":"scroll","background-type":"","background-media":"","overlay-type":"","overlay-color":"","overlay-opacity":"","overlay-gradient":""}},"ast-content-background-meta":{"desktop":{"background-color":"var(--ast-global-color-4)","background-image":"","background-repeat":"repeat","background-position":"center center","background-size":"auto","background-attachment":"scroll","background-type":"","background-media":"","overlay-type":"","overlay-color":"","overlay-opacity":"","overlay-gradient":""},"tablet":{"background-color":"var(--ast-global-color-4)","background-image":"","background-repeat":"repeat","background-position":"center center","background-size":"auto","background-attachment":"scroll","background-type":"","background-media":"","overlay-type":"","overlay-color":"","overlay-opacity":"","overlay-gradient":""},"mobile":{"background-color":"var(--ast-global-color-4)","background-image":"","background-repeat":"repeat","background-position":"center center","background-size":"auto","background-attachment":"scroll","background-type":"","background-media":"","overlay-type":"","overlay-color":"","overlay-opacity":"","overlay-gradient":""}},"footnotes":""},"class_list":["post-558","page","type-page","status-publish","hentry"],"featured_image_src":null,"yoast_head":"<!-- This site is optimized with the Yoast SEO plugin v27.4 - https:\/\/yoast.com\/product\/yoast-seo-wordpress\/ -->\n<title>LESENE IN MODERNE TALNE OBLOGE - ZAKLJU\u010cNA GRADBENA DELA<\/title>\n<meta name=\"robots\" content=\"index, follow, max-snippet:-1, max-image-preview:large, max-video-preview:-1\" \/>\n<link rel=\"canonical\" href=\"https:\/\/polaganje-kamna-keramike.si\/de\/lesene-in-moderne-talne-obloge\/\" \/>\n<meta property=\"og:locale\" content=\"de_DE\" \/>\n<meta property=\"og:type\" content=\"article\" \/>\n<meta property=\"og:title\" content=\"LESENE IN MODERNE TALNE OBLOGE - ZAKLJU\u010cNA GRADBENA DELA\" \/>\n<meta property=\"og:description\" content=\"Polaganje lesenih in modernih talnih oblog: laminat, vinil in gotovi parket. Natan\u010dna izvedba, ravne podlage in estetski zaklju\u010dki. Hitro in [&hellip;]\" \/>\n<meta property=\"og:url\" content=\"https:\/\/polaganje-kamna-keramike.si\/de\/lesene-in-moderne-talne-obloge\/\" \/>\n<meta property=\"og:site_name\" content=\"ZAKLJU\u010cNA GRADBENA DELA\" \/>\n<meta property=\"article:publisher\" content=\"https:\/\/www.facebook.com\/granitomont\" \/>\n<meta property=\"article:modified_time\" content=\"2025-11-24T19:55:04+00:00\" \/>\n<meta property=\"og:image\" content=\"https:\/\/polaganje-kamna-keramike.si\/wp-content\/uploads\/2025\/11\/POLAGANJE-LAMINATA.jpg\" \/>\n<meta name=\"twitter:card\" content=\"summary_large_image\" \/>\n<meta name=\"twitter:label1\" content=\"Gesch\u00e4tzte Lesezeit\" \/>\n\t<meta name=\"twitter:data1\" content=\"1\u00a0Minute\" \/>\n<script type=\"application\/ld+json\" class=\"yoast-schema-graph\">{\"@context\":\"https:\\\/\\\/schema.org\",\"@graph\":[{\"@type\":\"WebPage\",\"@id\":\"https:\\\/\\\/polaganje-kamna-keramike.si\\\/lesene-in-moderne-talne-obloge\\\/\",\"url\":\"https:\\\/\\\/polaganje-kamna-keramike.si\\\/lesene-in-moderne-talne-obloge\\\/\",\"name\":\"LESENE IN MODERNE TALNE OBLOGE - ZAKLJU\u010cNA GRADBENA DELA\",\"isPartOf\":{\"@id\":\"https:\\\/\\\/polaganje-kamna-keramike.si\\\/#website\"},\"primaryImageOfPage\":{\"@id\":\"https:\\\/\\\/polaganje-kamna-keramike.si\\\/lesene-in-moderne-talne-obloge\\\/#primaryimage\"},\"image\":{\"@id\":\"https:\\\/\\\/polaganje-kamna-keramike.si\\\/lesene-in-moderne-talne-obloge\\\/#primaryimage\"},\"thumbnailUrl\":\"https:\\\/\\\/polaganje-kamna-keramike.si\\\/wp-content\\\/uploads\\\/2025\\\/11\\\/POLAGANJE-LAMINATA.jpg\",\"datePublished\":\"2025-11-21T05:17:22+00:00\",\"dateModified\":\"2025-11-24T19:55:04+00:00\",\"breadcrumb\":{\"@id\":\"https:\\\/\\\/polaganje-kamna-keramike.si\\\/lesene-in-moderne-talne-obloge\\\/#breadcrumb\"},\"inLanguage\":\"de\",\"potentialAction\":[{\"@type\":\"ReadAction\",\"target\":[\"https:\\\/\\\/polaganje-kamna-keramike.si\\\/lesene-in-moderne-talne-obloge\\\/\"]}]},{\"@type\":\"ImageObject\",\"inLanguage\":\"de\",\"@id\":\"https:\\\/\\\/polaganje-kamna-keramike.si\\\/lesene-in-moderne-talne-obloge\\\/#primaryimage\",\"url\":\"https:\\\/\\\/polaganje-kamna-keramike.si\\\/wp-content\\\/uploads\\\/2025\\\/11\\\/POLAGANJE-LAMINATA.jpg\",\"contentUrl\":\"https:\\\/\\\/polaganje-kamna-keramike.si\\\/wp-content\\\/uploads\\\/2025\\\/11\\\/POLAGANJE-LAMINATA.jpg\"},{\"@type\":\"BreadcrumbList\",\"@id\":\"https:\\\/\\\/polaganje-kamna-keramike.si\\\/lesene-in-moderne-talne-obloge\\\/#breadcrumb\",\"itemListElement\":[{\"@type\":\"ListItem\",\"position\":1,\"name\":\"Home\",\"item\":\"https:\\\/\\\/polaganje-kamna-keramike.si\\\/\"},{\"@type\":\"ListItem\",\"position\":2,\"name\":\"LESENE IN MODERNE TALNE OBLOGE\"}]},{\"@type\":\"WebSite\",\"@id\":\"https:\\\/\\\/polaganje-kamna-keramike.si\\\/#website\",\"url\":\"https:\\\/\\\/polaganje-kamna-keramike.si\\\/\",\"name\":\"ZAKLJU\u010cNA GRADBENA DELA\",\"description\":\"U\u010cINKOVITO IN NATAN\u010cNO UREDIMO VA\u0160 DOM\",\"publisher\":{\"@id\":\"https:\\\/\\\/polaganje-kamna-keramike.si\\\/#organization\"},\"potentialAction\":[{\"@type\":\"SearchAction\",\"target\":{\"@type\":\"EntryPoint\",\"urlTemplate\":\"https:\\\/\\\/polaganje-kamna-keramike.si\\\/?s={search_term_string}\"},\"query-input\":{\"@type\":\"PropertyValueSpecification\",\"valueRequired\":true,\"valueName\":\"search_term_string\"}}],\"inLanguage\":\"de\"},{\"@type\":\"Organization\",\"@id\":\"https:\\\/\\\/polaganje-kamna-keramike.si\\\/#organization\",\"name\":\"ZAKLJU\u010cNA GRADBENA DELA\",\"url\":\"https:\\\/\\\/polaganje-kamna-keramike.si\\\/\",\"logo\":{\"@type\":\"ImageObject\",\"inLanguage\":\"de\",\"@id\":\"https:\\\/\\\/polaganje-kamna-keramike.si\\\/#\\\/schema\\\/logo\\\/image\\\/\",\"url\":\"https:\\\/\\\/polaganje-kamna-keramike.si\\\/wp-content\\\/uploads\\\/2025\\\/10\\\/cropped-cropped-ChatGPT-Image-27.-okt.-2025-22_16_46-1.png\",\"contentUrl\":\"https:\\\/\\\/polaganje-kamna-keramike.si\\\/wp-content\\\/uploads\\\/2025\\\/10\\\/cropped-cropped-ChatGPT-Image-27.-okt.-2025-22_16_46-1.png\",\"width\":511,\"height\":337,\"caption\":\"ZAKLJU\u010cNA GRADBENA DELA\"},\"image\":{\"@id\":\"https:\\\/\\\/polaganje-kamna-keramike.si\\\/#\\\/schema\\\/logo\\\/image\\\/\"},\"sameAs\":[\"https:\\\/\\\/www.facebook.com\\\/granitomont\"]}]}<\/script>\n<!-- \/ Yoast SEO plugin. -->","yoast_head_json":{"title":"LESENE IN MODERNE TALNE OBLOGE - ZAKLJU\u010cNA GRADBENA DELA","robots":{"index":"index","follow":"follow","max-snippet":"max-snippet:-1","max-image-preview":"max-image-preview:large","max-video-preview":"max-video-preview:-1"},"canonical":"https:\/\/polaganje-kamna-keramike.si\/de\/lesene-in-moderne-talne-obloge\/","og_locale":"de_DE","og_type":"article","og_title":"LESENE IN MODERNE TALNE OBLOGE - ZAKLJU\u010cNA GRADBENA DELA","og_description":"Polaganje lesenih in modernih talnih oblog: laminat, vinil in gotovi parket. Natan\u010dna izvedba, ravne podlage in estetski zaklju\u010dki. Hitro in [&hellip;]","og_url":"https:\/\/polaganje-kamna-keramike.si\/de\/lesene-in-moderne-talne-obloge\/","og_site_name":"ZAKLJU\u010cNA GRADBENA DELA","article_publisher":"https:\/\/www.facebook.com\/granitomont","article_modified_time":"2025-11-24T19:55:04+00:00","og_image":[{"url":"https:\/\/polaganje-kamna-keramike.si\/wp-content\/uploads\/2025\/11\/POLAGANJE-LAMINATA.jpg","type":"","width":"","height":""}],"twitter_card":"summary_large_image","twitter_misc":{"Gesch\u00e4tzte Lesezeit":"1\u00a0Minute"},"schema":{"@context":"https:\/\/schema.org","@graph":[{"@type":"WebPage","@id":"https:\/\/polaganje-kamna-keramike.si\/lesene-in-moderne-talne-obloge\/","url":"https:\/\/polaganje-kamna-keramike.si\/lesene-in-moderne-talne-obloge\/","name":"LESENE IN MODERNE TALNE OBLOGE - ZAKLJU\u010cNA GRADBENA DELA","isPartOf":{"@id":"https:\/\/polaganje-kamna-keramike.si\/#website"},"primaryImageOfPage":{"@id":"https:\/\/polaganje-kamna-keramike.si\/lesene-in-moderne-talne-obloge\/#primaryimage"},"image":{"@id":"https:\/\/polaganje-kamna-keramike.si\/lesene-in-moderne-talne-obloge\/#primaryimage"},"thumbnailUrl":"https:\/\/polaganje-kamna-keramike.si\/wp-content\/uploads\/2025\/11\/POLAGANJE-LAMINATA.jpg","datePublished":"2025-11-21T05:17:22+00:00","dateModified":"2025-11-24T19:55:04+00:00","breadcrumb":{"@id":"https:\/\/polaganje-kamna-keramike.si\/lesene-in-moderne-talne-obloge\/#breadcrumb"},"inLanguage":"de","potentialAction":[{"@type":"ReadAction","target":["https:\/\/polaganje-kamna-keramike.si\/lesene-in-moderne-talne-obloge\/"]}]},{"@type":"ImageObject","inLanguage":"de","@id":"https:\/\/polaganje-kamna-keramike.si\/lesene-in-moderne-talne-obloge\/#primaryimage","url":"https:\/\/polaganje-kamna-keramike.si\/wp-content\/uploads\/2025\/11\/POLAGANJE-LAMINATA.jpg","contentUrl":"https:\/\/polaganje-kamna-keramike.si\/wp-content\/uploads\/2025\/11\/POLAGANJE-LAMINATA.jpg"},{"@type":"BreadcrumbList","@id":"https:\/\/polaganje-kamna-keramike.si\/lesene-in-moderne-talne-obloge\/#breadcrumb","itemListElement":[{"@type":"ListItem","position":1,"name":"Home","item":"https:\/\/polaganje-kamna-keramike.si\/"},{"@type":"ListItem","position":2,"name":"LESENE IN MODERNE TALNE OBLOGE"}]},{"@type":"WebSite","@id":"https:\/\/polaganje-kamna-keramike.si\/#website","url":"https:\/\/polaganje-kamna-keramike.si\/","name":"ABSCHLIESSENDE BAUARBEITEN","description":"WIR GESTALTEN IHR ZUHAUSE EFFIZIENT UND PR\u00c4ZISE","publisher":{"@id":"https:\/\/polaganje-kamna-keramike.si\/#organization"},"potentialAction":[{"@type":"SearchAction","target":{"@type":"EntryPoint","urlTemplate":"https:\/\/polaganje-kamna-keramike.si\/?s={search_term_string}"},"query-input":{"@type":"PropertyValueSpecification","valueRequired":true,"valueName":"search_term_string"}}],"inLanguage":"de"},{"@type":"Organization","@id":"https:\/\/polaganje-kamna-keramike.si\/#organization","name":"ABSCHLIESSENDE BAUARBEITEN","url":"https:\/\/polaganje-kamna-keramike.si\/","logo":{"@type":"ImageObject","inLanguage":"de","@id":"https:\/\/polaganje-kamna-keramike.si\/#\/schema\/logo\/image\/","url":"https:\/\/polaganje-kamna-keramike.si\/wp-content\/uploads\/2025\/10\/cropped-cropped-ChatGPT-Image-27.-okt.-2025-22_16_46-1.png","contentUrl":"https:\/\/polaganje-kamna-keramike.si\/wp-content\/uploads\/2025\/10\/cropped-cropped-ChatGPT-Image-27.-okt.-2025-22_16_46-1.png","width":511,"height":337,"caption":"ZAKLJU\u010cNA GRADBENA DELA"},"image":{"@id":"https:\/\/polaganje-kamna-keramike.si\/#\/schema\/logo\/image\/"},"sameAs":["https:\/\/www.facebook.com\/granitomont"]}]}},"_links":{"self":[{"href":"https:\/\/polaganje-kamna-keramike.si\/de\/wp-json\/wp\/v2\/pages\/558","targetHints":{"allow":["GET"]}}],"collection":[{"href":"https:\/\/polaganje-kamna-keramike.si\/de\/wp-json\/wp\/v2\/pages"}],"about":[{"href":"https:\/\/polaganje-kamna-keramike.si\/de\/wp-json\/wp\/v2\/types\/page"}],"author":[{"embeddable":true,"href":"https:\/\/polaganje-kamna-keramike.si\/de\/wp-json\/wp\/v2\/users\/1"}],"replies":[{"embeddable":true,"href":"https:\/\/polaganje-kamna-keramike.si\/de\/wp-json\/wp\/v2\/comments?post=558"}],"version-history":[{"count":0,"href":"https:\/\/polaganje-kamna-keramike.si\/de\/wp-json\/wp\/v2\/pages\/558\/revisions"}],"wp:attachment":[{"href":"https:\/\/polaganje-kamna-keramike.si\/de\/wp-json\/wp\/v2\/media?parent=558"}],"curies":[{"name":"wp","href":"https:\/\/api.w.org\/{rel}","templated":true}]}}